{"id":549,"date":"2025-01-05T23:10:32","date_gmt":"2025-01-05T22:10:32","guid":{"rendered":"https:\/\/projets-tm.fr\/?page_id=549"},"modified":"2025-01-05T23:10:32","modified_gmt":"2025-01-05T22:10:32","slug":"bogie-pershing-2","status":"publish","type":"page","link":"https:\/\/projets-tm.fr\/?page_id=549","title":{"rendered":"Bogie Pershing"},"content":{"rendered":"\n<h2 class=\"wp-block-heading\">Bogie Pershing<\/h2>\n\n\n\n<p>R\u00e9cemment notre association a r\u00e9cup\u00e9r\u00e9 des bogies \u00ab\u00a0Pershing\u00a0\u00bb de conception am\u00e9ricaine. Ces bogies sont arriv\u00e9s en 1917 avec les am\u00e9ricains pour palier au manque de mat\u00e9riels roulants pendant la premi\u00e8re guerre mondiale. Simple de conception et de fabrication, ils \u00e9taient utilis\u00e9s sous des wagons plats, des citernes et des fourgon pour alimenter le front.<\/p>\n\n\n\n<p>L&rsquo;objectif de l&rsquo;association est de restaurer les deux bogies que nous avons et d&rsquo;en reconstruire quatre nouveaux pour les installer sous des caisses de wagons et r\u00e9aliser une deuxi\u00e8me rame voyageur.<\/p>\n\n\n\n<p>Dans le cadre de ce projet, je r\u00e9alise la conception des diff\u00e9rentes pi\u00e8ces qui composent le bogie pour faire des plans et reproduire les bogies. J&rsquo;adapte un attelage standard \u00e0 notre mat\u00e9riel roulant et le syst\u00e8me de freinage \u00e0 air comprim\u00e9.<\/p>\n\n\n\n<figure class=\"wp-block-image size-large\"><img loading=\"lazy\" decoding=\"async\" width=\"1024\" height=\"564\" src=\"https:\/\/projets-tm.fr\/wp-content\/uploads\/2024\/05\/image-ii-1024x564.png\" alt=\"\" class=\"wp-image-427\" srcset=\"https:\/\/projets-tm.fr\/wp-content\/uploads\/2024\/05\/image-ii-1024x564.png 1024w, https:\/\/projets-tm.fr\/wp-content\/uploads\/2024\/05\/image-ii-300x165.png 300w, https:\/\/projets-tm.fr\/wp-content\/uploads\/2024\/05\/image-ii-768x423.png 768w, https:\/\/projets-tm.fr\/wp-content\/uploads\/2024\/05\/image-ii-1170x644.png 1170w, https:\/\/projets-tm.fr\/wp-content\/uploads\/2024\/05\/image-ii.png 1446w\" sizes=\"(max-width: 1024px) 100vw, 1024px\" \/><figcaption class=\"wp-element-caption\">Bogie Pershing<\/figcaption><\/figure>\n\n\n\n<figure class=\"wp-block-image size-large\"><img loading=\"lazy\" decoding=\"async\" width=\"1024\" height=\"725\" src=\"https:\/\/projets-tm.fr\/wp-content\/uploads\/2024\/02\/image-1024x725.png\" alt=\"\" class=\"wp-image-257\" srcset=\"https:\/\/projets-tm.fr\/wp-content\/uploads\/2024\/02\/image-1024x725.png 1024w, https:\/\/projets-tm.fr\/wp-content\/uploads\/2024\/02\/image-300x212.png 300w, https:\/\/projets-tm.fr\/wp-content\/uploads\/2024\/02\/image-768x543.png 768w, https:\/\/projets-tm.fr\/wp-content\/uploads\/2024\/02\/image.png 1146w\" sizes=\"(max-width: 1024px) 100vw, 1024px\" \/><figcaption class=\"wp-element-caption\">Conception 3D du bogie Pershing<\/figcaption><\/figure>\n\n\n\r\n        <div class=\"modelViewerBlock\" data-attributes='{&quot;align&quot;:&quot;center&quot;,&quot;uniqueId&quot;:&quot;model364&quot;,&quot;currentViewer&quot;:&quot;O3DViewer&quot;,&quot;multiple&quot;:false,&quot;model&quot;:{&quot;modelUrl&quot;:&quot;http:\\\/\\\/projets-tm.fr\\\/wp-content\\\/uploads\\\/2024\\\/04\\\/bog-100324-001.obj&quot;,&quot;poster&quot;:&quot;&quot;},&quot;O3DVSettings&quot;:{&quot;isFullscreen&quot;:true,&quot;isPagination&quot;:false,&quot;isNavigation&quot;:true,&quot;camera&quot;:null,&quot;mouseControl&quot;:true},&quot;models&quot;:[],&quot;lazyLoad&quot;:false,&quot;loading&quot;:&quot;auto&quot;,&quot;autoplay&quot;:false,&quot;shadow&quot;:true,&quot;autoRotate&quot;:false,&quot;zoom&quot;:true,&quot;isPagination&quot;:false,&quot;isNavigation&quot;:true,&quot;preload&quot;:&quot;auto&quot;,&quot;rotationPerSecond&quot;:&quot;30&quot;,&quot;mouseControl&quot;:true,&quot;fullscreen&quot;:true,&quot;variant&quot;:false,&quot;loadingPercentage&quot;:false,&quot;progressBar&quot;:true,&quot;rotate&quot;:false,&quot;rotateAlongX&quot;:&quot;0&quot;,&quot;rotateAlongY&quot;:&quot;75&quot;,&quot;exposure&quot;:&quot;1&quot;,&quot;styles&quot;:{&quot;width&quot;:&quot;100%&quot;,&quot;height&quot;:&quot;700px&quot;,&quot;bgColor&quot;:&quot;transparent&quot;,&quot;progressBarColor&quot;:&quot;&quot;},&quot;stylesheet&quot;:null,&quot;additional&quot;:{&quot;ID&quot;:&quot;&quot;,&quot;Class&quot;:&quot;&quot;,&quot;CSS&quot;:&quot;&quot;},&quot;animation&quot;:false,&quot;woo&quot;:false,&quot;selectedAnimation&quot;:&quot;&quot;}'><\/div>\r\n\r\n        \n\n\n\n<figure class=\"wp-block-image size-large\"><img loading=\"lazy\" decoding=\"async\" width=\"1024\" height=\"768\" src=\"https:\/\/projets-tm.fr\/wp-content\/uploads\/2024\/02\/MicrosoftTeams-image-54-1024x768.jpg\" alt=\"\" class=\"wp-image-254\" srcset=\"https:\/\/projets-tm.fr\/wp-content\/uploads\/2024\/02\/MicrosoftTeams-image-54-1024x768.jpg 1024w, https:\/\/projets-tm.fr\/wp-content\/uploads\/2024\/02\/MicrosoftTeams-image-54-300x225.jpg 300w, https:\/\/projets-tm.fr\/wp-content\/uploads\/2024\/02\/MicrosoftTeams-image-54-768x576.jpg 768w, https:\/\/projets-tm.fr\/wp-content\/uploads\/2024\/02\/MicrosoftTeams-image-54-1536x1152.jpg 1536w, https:\/\/projets-tm.fr\/wp-content\/uploads\/2024\/02\/MicrosoftTeams-image-54-1170x878.jpg 1170w, https:\/\/projets-tm.fr\/wp-content\/uploads\/2024\/02\/MicrosoftTeams-image-54.jpg 2016w\" sizes=\"(max-width: 1024px) 100vw, 1024px\" \/><figcaption class=\"wp-element-caption\">Bogie complet avant restauration<\/figcaption><\/figure>\n\n\n\n<figure class=\"wp-block-image size-large\"><img loading=\"lazy\" decoding=\"async\" width=\"1024\" height=\"768\" src=\"https:\/\/projets-tm.fr\/wp-content\/uploads\/2024\/02\/MicrosoftTeams-image-56-1024x768.jpg\" alt=\"\" class=\"wp-image-256\" srcset=\"https:\/\/projets-tm.fr\/wp-content\/uploads\/2024\/02\/MicrosoftTeams-image-56-1024x768.jpg 1024w, https:\/\/projets-tm.fr\/wp-content\/uploads\/2024\/02\/MicrosoftTeams-image-56-300x225.jpg 300w, https:\/\/projets-tm.fr\/wp-content\/uploads\/2024\/02\/MicrosoftTeams-image-56-768x576.jpg 768w, https:\/\/projets-tm.fr\/wp-content\/uploads\/2024\/02\/MicrosoftTeams-image-56-1536x1152.jpg 1536w, https:\/\/projets-tm.fr\/wp-content\/uploads\/2024\/02\/MicrosoftTeams-image-56-1170x878.jpg 1170w, https:\/\/projets-tm.fr\/wp-content\/uploads\/2024\/02\/MicrosoftTeams-image-56.jpg 2016w\" sizes=\"(max-width: 1024px) 100vw, 1024px\" \/><figcaption class=\"wp-element-caption\">Nous pouvons voir l&rsquo;impact du temps sur ces bogies qui \u00e9taient sous un fourgon de l&rsquo;arm\u00e9e am\u00e9ricaine<\/figcaption><\/figure>\n\n\n\n<figure class=\"wp-block-image size-large\"><img loading=\"lazy\" decoding=\"async\" width=\"1024\" height=\"768\" src=\"https:\/\/projets-tm.fr\/wp-content\/uploads\/2025\/01\/20241224_110302-1024x768.jpg\" alt=\"\" class=\"wp-image-550\" srcset=\"https:\/\/projets-tm.fr\/wp-content\/uploads\/2025\/01\/20241224_110302-1024x768.jpg 1024w, https:\/\/projets-tm.fr\/wp-content\/uploads\/2025\/01\/20241224_110302-300x225.jpg 300w, https:\/\/projets-tm.fr\/wp-content\/uploads\/2025\/01\/20241224_110302-768x576.jpg 768w, https:\/\/projets-tm.fr\/wp-content\/uploads\/2025\/01\/20241224_110302-1536x1152.jpg 1536w, https:\/\/projets-tm.fr\/wp-content\/uploads\/2025\/01\/20241224_110302-2048x1536.jpg 2048w, https:\/\/projets-tm.fr\/wp-content\/uploads\/2025\/01\/20241224_110302-1170x878.jpg 1170w\" sizes=\"(max-width: 1024px) 100vw, 1024px\" \/><figcaption class=\"wp-element-caption\">Fabrication des nouveaux bogies avec les fonderies existantes<\/figcaption><\/figure>\n","protected":false},"excerpt":{"rendered":"<p>Bogie Pershing R\u00e9cemment notre association a r\u00e9cup\u00e9r\u00e9 des bogies \u00ab\u00a0Pershing\u00a0\u00bb de conception am\u00e9ricaine. Ces bogies sont arriv\u00e9s en 1917 avec les am\u00e9ricains pour palier au manque de mat\u00e9riels roulants pendant la premi\u00e8re guerre mondiale. Simple de conception et de fabrication, ils \u00e9taient utilis\u00e9s sous des wagons plats, des citernes et des fourgon pour alimenter le [&hellip;]<\/p>\n","protected":false},"author":1,"featured_media":0,"parent":0,"menu_order":0,"comment_status":"closed","ping_status":"closed","template":"","meta":{"footnotes":""},"_links":{"self":[{"href":"https:\/\/projets-tm.fr\/index.php?rest_route=\/wp\/v2\/pages\/549"}],"collection":[{"href":"https:\/\/projets-tm.fr\/index.php?rest_route=\/wp\/v2\/pages"}],"about":[{"href":"https:\/\/projets-tm.fr\/index.php?rest_route=\/wp\/v2\/types\/page"}],"author":[{"embeddable":true,"href":"https:\/\/projets-tm.fr\/index.php?rest_route=\/wp\/v2\/users\/1"}],"replies":[{"embeddable":true,"href":"https:\/\/projets-tm.fr\/index.php?rest_route=%2Fwp%2Fv2%2Fcomments&post=549"}],"version-history":[{"count":1,"href":"https:\/\/projets-tm.fr\/index.php?rest_route=\/wp\/v2\/pages\/549\/revisions"}],"predecessor-version":[{"id":551,"href":"https:\/\/projets-tm.fr\/index.php?rest_route=\/wp\/v2\/pages\/549\/revisions\/551"}],"wp:attachment":[{"href":"https:\/\/projets-tm.fr\/index.php?rest_route=%2Fwp%2Fv2%2Fmedia&parent=549"}],"curies":[{"name":"wp","href":"https:\/\/api.w.org\/{rel}","templated":true}]}}