{"id":499,"date":"2025-01-05T22:04:11","date_gmt":"2025-01-05T21:04:11","guid":{"rendered":"https:\/\/projets-tm.fr\/?page_id=499"},"modified":"2025-08-28T09:47:31","modified_gmt":"2025-08-28T07:47:31","slug":"fonderie-et-acierie-de-denain","status":"publish","type":"page","link":"https:\/\/projets-tm.fr\/?page_id=499","title":{"rendered":"Fonderie et Aci\u00e9rie de Denain"},"content":{"rendered":"\n<figure class=\"wp-block-image size-full\"><img loading=\"lazy\" decoding=\"async\" width=\"953\" height=\"806\" src=\"https:\/\/projets-tm.fr\/wp-content\/uploads\/2025\/01\/fad11gg.jpg\" alt=\"\" class=\"wp-image-506\" srcset=\"https:\/\/projets-tm.fr\/wp-content\/uploads\/2025\/01\/fad11gg.jpg 953w, https:\/\/projets-tm.fr\/wp-content\/uploads\/2025\/01\/fad11gg-300x254.jpg 300w, https:\/\/projets-tm.fr\/wp-content\/uploads\/2025\/01\/fad11gg-768x650.jpg 768w\" sizes=\"(max-width: 953px) 100vw, 953px\" \/><figcaption class=\"wp-element-caption\">Four \u00e0 arc, capacit\u00e9 65 tonnes &#8211; Cr\u00e9dits : \u00a9Uwe Niggemeier<\/figcaption><\/figure>\n\n\n\n<p>Pour rentrer dans l&rsquo;Ecole Sup\u00e9rieure de Fonderie et de Forge, il me fallait une nouvelle entreprise sp\u00e9cialis\u00e9e dans l&rsquo;un de ces deux domaines. Je souhaitais faire mon apprentissage dans une fonderie \u00e0 taille humaine, qui fait de la petite s\u00e9rie et qui travaille les fontes et les aciers. Avec ces crit\u00e8res de recherche, j&rsquo;ai d\u00e9couvert la Fonderie et Aci\u00e9rie de Denain situ\u00e9 dans le d\u00e9partement du Nord \u00e0 c\u00f4t\u00e9 de Valenciennes (59) qui m&rsquo;a tout de suite plu.<\/p>\n\n\n\n<p>La Fonderie et Aci\u00e9rie de Denain (FAD) produit des pi\u00e8ces unitaires pouvant atteindre 165 tonnes d&rsquo;acier liquide. Elle r\u00e9alise les traitements thermiques et les usinages des pi\u00e8ces jusqu&rsquo;\u00e0 13 m\u00e8tres de diam\u00e8tre.<\/p>\n\n\n\n<p>Cette entreprise h\u00e9rite d&rsquo;un vieux savoir-faire qui date de 1844 quand elle r\u00e9alisait des locomotives \u00e0 vapeur et des chaudi\u00e8res sous le nom de Cail. Aujourd&rsquo;hui la FAD est sp\u00e9cialis\u00e9e dans la fabrication de pi\u00e8ces pour la cimenterie et la sid\u00e9rurgie.<\/p>\n\n\n\n<p>C&rsquo;est un changement complet d&rsquo;environnement par rapport \u00e0 ce que j&rsquo;ai pu conna\u00eetre \u00e0 SKF en bureau d&rsquo;\u00e9tudes. Je d\u00e9couvre la production en milieu industriel en allant directement sur les chantiers de moulage et de fusion, je passe d&rsquo;un environnement de bureau r\u00e9cent \u00e0 celui d&rsquo;une usine quasiment bicentenaire avec des contraintes de temps et de taille compl\u00e9tements diff\u00e9rentes. Passer de pi\u00e8ces de 600 millim\u00e8tres \u00e0 9 000 millim\u00e8tres ce n&rsquo;est pas si anecdotique. Je travaillais sur des pi\u00e8ces \u00e0 300 g pr\u00e8s pour optimiser les masses, ici \u00e0 la FAD nous sommes \u00e0 plus ou moins 500 kg. Cependant, les classes de tol\u00e9rance d&rsquo;usinage sont les m\u00eames voir plus restrictive \u00e0 la FAD.<\/p>\n\n\n\n<p class=\"has-text-align-center\">Pour en apprendre plus sur la Fonderie et Aci\u00e9rie de Denain :<br><a href=\"https:\/\/fad-denain.fr\/\"><strong>Fonderie et Aci\u00e9rie de Denain | Fabricant de pi\u00e8ces moul\u00e9es<\/strong><\/a><\/p>\n\n\n\n<figure class=\"wp-block-image size-full\"><img loading=\"lazy\" decoding=\"async\" width=\"900\" height=\"725\" src=\"https:\/\/projets-tm.fr\/wp-content\/uploads\/2025\/01\/fad29g.jpg\" alt=\"\" class=\"wp-image-516\" srcset=\"https:\/\/projets-tm.fr\/wp-content\/uploads\/2025\/01\/fad29g.jpg 900w, https:\/\/projets-tm.fr\/wp-content\/uploads\/2025\/01\/fad29g-300x242.jpg 300w, https:\/\/projets-tm.fr\/wp-content\/uploads\/2025\/01\/fad29g-768x619.jpg 768w\" sizes=\"(max-width: 900px) 100vw, 900px\" \/><figcaption class=\"wp-element-caption\">Ebarbage &#8211; Cr\u00e9dits : \u00a9Uwe Niggemeier <\/figcaption><\/figure>\n\n\n\n<figure class=\"wp-block-image size-full\"><img loading=\"lazy\" decoding=\"async\" width=\"900\" height=\"724\" src=\"https:\/\/projets-tm.fr\/wp-content\/uploads\/2025\/01\/fad17g.jpg\" alt=\"\" class=\"wp-image-520\" srcset=\"https:\/\/projets-tm.fr\/wp-content\/uploads\/2025\/01\/fad17g.jpg 900w, https:\/\/projets-tm.fr\/wp-content\/uploads\/2025\/01\/fad17g-300x241.jpg 300w, https:\/\/projets-tm.fr\/wp-content\/uploads\/2025\/01\/fad17g-768x618.jpg 768w\" sizes=\"(max-width: 900px) 100vw, 900px\" \/><figcaption class=\"wp-element-caption\">Zone de fusion &#8211; Cr\u00e9dits : \u00a9Uwe Niggemeier<\/figcaption><\/figure>\n\n\n\n<figure class=\"wp-block-image size-full\"><img loading=\"lazy\" decoding=\"async\" width=\"720\" height=\"908\" src=\"https:\/\/projets-tm.fr\/wp-content\/uploads\/2025\/01\/fad26gg.jpg\" alt=\"\" class=\"wp-image-515\" srcset=\"https:\/\/projets-tm.fr\/wp-content\/uploads\/2025\/01\/fad26gg.jpg 720w, https:\/\/projets-tm.fr\/wp-content\/uploads\/2025\/01\/fad26gg-238x300.jpg 238w\" sizes=\"(max-width: 720px) 100vw, 720px\" \/><figcaption class=\"wp-element-caption\">Ebarbage &#8211; Cr\u00e9dits : \u00a9Uwe Niggemeier<\/figcaption><\/figure>\n\n\n\n<figure class=\"wp-block-image size-large\"><img loading=\"lazy\" decoding=\"async\" width=\"1024\" height=\"768\" src=\"http:\/\/projets-tm.fr\/wp-content\/uploads\/2025\/01\/20241024_101501-1024x768.jpg\" alt=\"\" class=\"wp-image-501\" srcset=\"https:\/\/projets-tm.fr\/wp-content\/uploads\/2025\/01\/20241024_101501-1024x768.jpg 1024w, https:\/\/projets-tm.fr\/wp-content\/uploads\/2025\/01\/20241024_101501-300x225.jpg 300w, https:\/\/projets-tm.fr\/wp-content\/uploads\/2025\/01\/20241024_101501-768x576.jpg 768w, https:\/\/projets-tm.fr\/wp-content\/uploads\/2025\/01\/20241024_101501-1536x1152.jpg 1536w, https:\/\/projets-tm.fr\/wp-content\/uploads\/2025\/01\/20241024_101501-2048x1536.jpg 2048w, https:\/\/projets-tm.fr\/wp-content\/uploads\/2025\/01\/20241024_101501-1170x878.jpg 1170w\" sizes=\"(max-width: 1024px) 100vw, 1024px\" \/><figcaption class=\"wp-element-caption\">Coul\u00e9e d&rsquo;une bride de 80 tonnes de m\u00e9tal liquide<\/figcaption><\/figure>\n\n\n<p style=\"text-align: center;\"><iframe loading=\"lazy\" style=\"border: 0;\" src=\"https:\/\/www.google.com\/maps\/embed?pb=!1m18!1m12!1m3!1d5538.424784054023!2d3.3816210999999994!3d50.32902519999999!2m3!1f0!2f0!3f0!3m2!1i1024!2i768!4f13.1!3m3!1m2!1s0x47c2eaec6546aeb9%3A0x768d17458ba58934!2sF.A.D%20Fonderie%20et%20Aci%C3%A9rie%20de%20Denain!5e1!3m2!1sfr!2sfr!4v1736111719795!5m2!1sfr!2sfr\" width=\"600\" height=\"450\" allowfullscreen=\"allowfullscreen\"><\/iframe><\/p>","protected":false},"excerpt":{"rendered":"<p>Pour rentrer dans l&rsquo;Ecole Sup\u00e9rieure de Fonderie et de Forge, il me fallait une nouvelle entreprise sp\u00e9cialis\u00e9e dans l&rsquo;un de ces deux domaines. Je souhaitais faire mon apprentissage dans une fonderie \u00e0 taille humaine, qui fait de la petite s\u00e9rie et qui travaille les fontes et les aciers. Avec ces crit\u00e8res de recherche, j&rsquo;ai d\u00e9couvert [&hellip;]<\/p>\n","protected":false},"author":1,"featured_media":0,"parent":0,"menu_order":0,"comment_status":"closed","ping_status":"closed","template":"","meta":{"footnotes":""},"_links":{"self":[{"href":"https:\/\/projets-tm.fr\/index.php?rest_route=\/wp\/v2\/pages\/499"}],"collection":[{"href":"https:\/\/projets-tm.fr\/index.php?rest_route=\/wp\/v2\/pages"}],"about":[{"href":"https:\/\/projets-tm.fr\/index.php?rest_route=\/wp\/v2\/types\/page"}],"author":[{"embeddable":true,"href":"https:\/\/projets-tm.fr\/index.php?rest_route=\/wp\/v2\/users\/1"}],"replies":[{"embeddable":true,"href":"https:\/\/projets-tm.fr\/index.php?rest_route=%2Fwp%2Fv2%2Fcomments&post=499"}],"version-history":[{"count":22,"href":"https:\/\/projets-tm.fr\/index.php?rest_route=\/wp\/v2\/pages\/499\/revisions"}],"predecessor-version":[{"id":613,"href":"https:\/\/projets-tm.fr\/index.php?rest_route=\/wp\/v2\/pages\/499\/revisions\/613"}],"wp:attachment":[{"href":"https:\/\/projets-tm.fr\/index.php?rest_route=%2Fwp%2Fv2%2Fmedia&parent=499"}],"curies":[{"name":"wp","href":"https:\/\/api.w.org\/{rel}","templated":true}]}}