{"id":494,"date":"2025-01-05T22:21:53","date_gmt":"2025-01-05T21:21:53","guid":{"rendered":"https:\/\/projets-tm.fr\/?page_id=494"},"modified":"2025-08-26T09:40:17","modified_gmt":"2025-08-26T07:40:17","slug":"ecole-superieure-de-fonderie-et-de-forge","status":"publish","type":"page","link":"https:\/\/projets-tm.fr\/?page_id=494","title":{"rendered":"Ecole Sup\u00e9rieure de Fonderie et de Forge"},"content":{"rendered":"\n<figure class=\"wp-block-image size-large\"><img loading=\"lazy\" decoding=\"async\" width=\"1024\" height=\"386\" src=\"https:\/\/projets-tm.fr\/wp-content\/uploads\/2025\/01\/esff_formations_3-1024x386.jpg\" alt=\"\" class=\"wp-image-496\" srcset=\"https:\/\/projets-tm.fr\/wp-content\/uploads\/2025\/01\/esff_formations_3-1024x386.jpg 1024w, https:\/\/projets-tm.fr\/wp-content\/uploads\/2025\/01\/esff_formations_3-300x113.jpg 300w, https:\/\/projets-tm.fr\/wp-content\/uploads\/2025\/01\/esff_formations_3-768x290.jpg 768w, https:\/\/projets-tm.fr\/wp-content\/uploads\/2025\/01\/esff_formations_3-1536x579.jpg 1536w, https:\/\/projets-tm.fr\/wp-content\/uploads\/2025\/01\/esff_formations_3-1170x441.jpg 1170w, https:\/\/projets-tm.fr\/wp-content\/uploads\/2025\/01\/esff_formations_3.jpg 1927w\" sizes=\"(max-width: 1024px) 100vw, 1024px\" \/><\/figure>\n\n\n\n<h2 class=\"wp-block-heading\">Description extraite du site internet de l&rsquo;\u00e9cole<\/h2>\n\n\n\n<p class=\"has-text-align-center\">Pour plus de d\u00e9tails : <a href=\"https:\/\/www.esff.fr\"><strong>https:\/\/www.esff.fr<\/strong><\/a><\/p>\n\n\n\n<p>L\u2019\u00c9cole Sup\u00e9rieure de Fonderie et de Forge (ESFF) est un \u00c9tablissement d\u2019Enseignement Sup\u00e9rieur Priv\u00e9 d\u2019Int\u00e9r\u00eat G\u00e9n\u00e9ral (EESPIG) qui se distingue par sa sp\u00e9cialisation dans la mise en forme des mat\u00e9riaux m\u00e9talliques.&nbsp;<\/p>\n\n\n\n<p>Ecole fond\u00e9e en 1924, elle offre un cursus de formation d\u2019ing\u00e9nieurs enti\u00e8rement en alternance, combinant ainsi une forte expertise technique et une approche p\u00e9dagogique innovante, align\u00e9e sur les besoins actuels de l\u2019industrie m\u00e9tallurgique<\/p>\n\n\n\n<h4 class=\"wp-block-heading\">Programme 1\u00e8re ANN\u00c9E<\/h4>\n\n\n\n<p>Homog\u00e9n\u00e9isation des connaissances scientifiques g\u00e9n\u00e9rales des \u00e9tudiants d\u2019origines diverses et perfectionnement dans certaines disciplines de base (math\u00e9matiques, informatique, thermodynamique, structure de la mati\u00e8re, physico-chimie, m\u00e9tallurgie\u2026)<\/p>\n\n\n\n<h4 class=\"wp-block-heading\">Programme 2\u00e8me ANNEE<\/h4>\n\n\n\n<p>Formation \u00e0 la mise en forme des m\u00e9taux et alliages par fonderie et par forgeage. Au cours de cette deuxi\u00e8me ann\u00e9e, l\u2019accent est mis sur les cours relatifs \u00e0 la science des mat\u00e9riaux et au g\u00e9nie des proc\u00e9d\u00e9s.<\/p>\n\n\n\n<h4 class=\"wp-block-heading\">Programme 3\u00e8me ANNEE<\/h4>\n\n\n\n<p>Troisi\u00e8me ann\u00e9e Introduction d\u2019enseignements de nature diff\u00e9rente puisque relevant du domaine socio-\u00e9conomique, en compl\u00e9ment des enseignements scientifiques et techniques toujours pr\u00e9sents dans la formation. On notera ici une volont\u00e9 pour que les futurs cadres sup\u00e9rieurs form\u00e9s par notre \u00e9cole soient \u00e9galement des collaborateurs comp\u00e9tents en mati\u00e8re de management et de gestion d\u2019entreprise (management de projets, marketing, propri\u00e9t\u00e9 intellectuelle, communication, aspects juridiques, gestion financi\u00e8re\u2026)<\/p>\n\n\n\n<h2 class=\"wp-block-heading\">Pourquoi avoir choisi cette \u00e9cole ?<\/h2>\n\n\n\n<p>Vers la fin de mon BUT en g\u00e9nie m\u00e9canique et productique \u00e0 l&rsquo;IUT d&rsquo;Orl\u00e9ans, je d\u00e9cide de poursuivre mes \u00e9tudes en \u00e9cole d&rsquo;ing\u00e9nieur par alternance. Par curiosit\u00e9, j&rsquo;ai cherch\u00e9 si une \u00e9cole orient\u00e9e sur les proc\u00e9d\u00e9s de fonderie existait. C&rsquo;est un domaine qui m&rsquo;a toujours int\u00e9ress\u00e9, j&rsquo;ai pu m&rsquo;initier \u00e0 la fonderie \u00e0 l&rsquo;IUT via des TP moulage et des situations de BE, et travailler sur des produits issus de la fonderie \u00e0 SKF (corps de bo\u00eete et couvercles).<\/p>\n\n\n\n<p>En me renseignant sur l&rsquo;ESFF, je suis tout de suite conquis par la formation. De plus, la partie forge est un domaine o\u00f9 je suis n\u00e9ophyte, c&rsquo;est une occasion en or d&rsquo;en apprendre plus.<\/p>\n\n\n\n<h2 class=\"wp-block-heading\">Forge<\/h2>\n\n\n\n<p>Dans cette \u00e9cole d&rsquo;ing\u00e9nieur, nous travaillons aussi sur les proc\u00e9d\u00e9s de forgeage. Nous commen\u00e7ons les \u00e9tudes de forge sur la d\u00e9finition des bruts de forge (calculs volumes des lopins de d\u00e9part, \u00e9paisseurs de toile, cordons\/bavures, etc.).<\/p>\n\n\n\n<p>Nous avons eu la chance d&rsquo;acc\u00e9der \u00e0 l&rsquo;atelier de forge du lyc\u00e9e Marie Curie \u00e0 Nogent sur Oise qui h\u00e9berge le seul BTS Forge de France. Nous avons effectu\u00e9 trois journ\u00e9es de TP sur de v\u00e9ritables machines industriels (mouton \u00e0 planche, marteau pilon auto-compress\u00e9, presse \u00e0 vis, presse m\u00e9canique) pour nous familiariser sur les diff\u00e9rentes m\u00e9thodes de production.<\/p>\n\n\n\n<figure class=\"wp-block-video\"><video controls src=\"https:\/\/projets-tm.fr\/wp-content\/uploads\/2025\/01\/video-20241108-184941-7a190cf0.mov\"><\/video><figcaption class=\"wp-element-caption\">R\u00e9alisation d&rsquo;une \u00e9bauche de coin au marteau pilon auto-compress\u00e9<\/figcaption><\/figure>\n\n\n\n<figure class=\"wp-block-video\"><video controls src=\"https:\/\/projets-tm.fr\/wp-content\/uploads\/2025\/01\/video-20241108-190045-27378274.mov\"><\/video><figcaption class=\"wp-element-caption\">Finition et \u00e9bavurage du coin au mouton \u00e0 planche<\/figcaption><\/figure>\n\n\n\n<figure class=\"wp-block-video\"><video controls src=\"https:\/\/projets-tm.fr\/wp-content\/uploads\/2025\/01\/IMG_6823.mov\"><\/video><figcaption class=\"wp-element-caption\">R\u00e9alisation d&rsquo;un pied de biche en forgeage libre<\/figcaption><\/figure>\n\n\n\n<figure class=\"wp-block-video\"><video controls src=\"https:\/\/projets-tm.fr\/wp-content\/uploads\/2025\/01\/20241108_143847-1.mp4\"><\/video><figcaption class=\"wp-element-caption\">Mouton \u00e0 planche, masse tombante 1300 kg<\/figcaption><\/figure>\n\n\n\n<h2 class=\"wp-block-heading\">Fonderie<\/h2>\n\n\n\n<p>Nous travaillons aussi sur les proc\u00e9d\u00e9s de fonderie, nous avons effectu\u00e9 trois jours de TP fonderie dans l&rsquo;atelier des Arts et M\u00e9tiers de Ch\u00e2lons en Champagne (moulage main et m\u00e9canis\u00e9, V-process, mod\u00e8les perdus, etc.)<\/p>\n\n\n\n<p>Une majeur partie des cours du premier semestre d&rsquo;ing\u00e9nieur \u00e9tait orient\u00e9 sur les \u00e9tudes de moulages : d\u00e9finitions des bruts de fonderie, masselottage des pi\u00e8ces et dimensionnement des syst\u00e8mes de remplissage. C&rsquo;est la partie de la formation qui m&rsquo;a le plus int\u00e9ress\u00e9 sur ce premier semestre, car nous voyons concr\u00e8tement comment r\u00e9aliser une \u00e9tude et le c\u0153ur du m\u00e9tier.<\/p>\n\n\n\n<h2 class=\"wp-block-heading\">M\u00e9tallurgie<\/h2>\n\n\n\n<p>Une grande partie de la formation est ax\u00e9e sur la m\u00e9tallurgie. Nous apprenons de nombreuses notions sur la structure de la mati\u00e8re et les alliages. Je red\u00e9couvre toute cette partie de l&rsquo;ing\u00e9nierie que j&rsquo;ai pu voir en GMP sans approfondir les notions.<\/p>\n\n\n<p style=\"text-align: center;\"><iframe loading=\"lazy\" style=\"border: 0;\" src=\"https:\/\/www.google.com\/maps\/embed?pb=!1m18!1m12!1m3!1d2856.013674100996!2d2.222150476523956!3d48.82295190319969!2m3!1f0!2f0!3f0!3m2!1i1024!2i768!4f13.1!3m3!1m2!1s0x47e67b014e8be47d%3A0xe659e50034a9f4ae!2sESFF%20-%20Ecole%20Sup%C3%A9rieure%20de%20Fonderie%20et%20de%20Forge!5e1!3m2!1sfr!2sfr!4v1736112083979!5m2!1sfr!2sfr\" width=\"600\" height=\"450\" allowfullscreen=\"allowfullscreen\"><\/iframe><\/p>","protected":false},"excerpt":{"rendered":"<p>Description extraite du site internet de l&rsquo;\u00e9cole Pour plus de d\u00e9tails : https:\/\/www.esff.fr L\u2019\u00c9cole Sup\u00e9rieure de Fonderie et de Forge (ESFF) est un \u00c9tablissement d\u2019Enseignement Sup\u00e9rieur Priv\u00e9 d\u2019Int\u00e9r\u00eat G\u00e9n\u00e9ral (EESPIG) qui se distingue par sa sp\u00e9cialisation dans la mise en forme des mat\u00e9riaux m\u00e9talliques.&nbsp; Ecole fond\u00e9e en 1924, elle offre un cursus de formation d\u2019ing\u00e9nieurs [&hellip;]<\/p>\n","protected":false},"author":1,"featured_media":0,"parent":0,"menu_order":0,"comment_status":"closed","ping_status":"closed","template":"","meta":{"footnotes":""},"_links":{"self":[{"href":"https:\/\/projets-tm.fr\/index.php?rest_route=\/wp\/v2\/pages\/494"}],"collection":[{"href":"https:\/\/projets-tm.fr\/index.php?rest_route=\/wp\/v2\/pages"}],"about":[{"href":"https:\/\/projets-tm.fr\/index.php?rest_route=\/wp\/v2\/types\/page"}],"author":[{"embeddable":true,"href":"https:\/\/projets-tm.fr\/index.php?rest_route=\/wp\/v2\/users\/1"}],"replies":[{"embeddable":true,"href":"https:\/\/projets-tm.fr\/index.php?rest_route=%2Fwp%2Fv2%2Fcomments&post=494"}],"version-history":[{"count":9,"href":"https:\/\/projets-tm.fr\/index.php?rest_route=\/wp\/v2\/pages\/494\/revisions"}],"predecessor-version":[{"id":603,"href":"https:\/\/projets-tm.fr\/index.php?rest_route=\/wp\/v2\/pages\/494\/revisions\/603"}],"wp:attachment":[{"href":"https:\/\/projets-tm.fr\/index.php?rest_route=%2Fwp%2Fv2%2Fmedia&parent=494"}],"curies":[{"name":"wp","href":"https:\/\/api.w.org\/{rel}","templated":true}]}}