{"id":47,"date":"2023-12-18T22:55:32","date_gmt":"2023-12-18T21:55:32","guid":{"rendered":"https:\/\/projets-tm.fr\/?page_id=47"},"modified":"2025-08-26T09:43:26","modified_gmt":"2025-08-26T07:43:26","slug":"fort-de-la-turra","status":"publish","type":"page","link":"https:\/\/projets-tm.fr\/?page_id=47","title":{"rendered":"Fort de la Turra"},"content":{"rendered":"\n<figure class=\"wp-block-image size-large\"><img loading=\"lazy\" decoding=\"async\" width=\"1024\" height=\"692\" src=\"http:\/\/projets-tm.fr\/wp-content\/uploads\/2023\/12\/0020-1024x692.jpg\" alt=\"\" class=\"wp-image-29\" srcset=\"https:\/\/projets-tm.fr\/wp-content\/uploads\/2023\/12\/0020-1024x692.jpg 1024w, https:\/\/projets-tm.fr\/wp-content\/uploads\/2023\/12\/0020-300x203.jpg 300w, https:\/\/projets-tm.fr\/wp-content\/uploads\/2023\/12\/0020-768x519.jpg 768w, https:\/\/projets-tm.fr\/wp-content\/uploads\/2023\/12\/0020-1536x1038.jpg 1536w, https:\/\/projets-tm.fr\/wp-content\/uploads\/2023\/12\/0020-1170x790.jpg 1170w, https:\/\/projets-tm.fr\/wp-content\/uploads\/2023\/12\/0020.jpg 1818w\" sizes=\"(max-width: 1024px) 100vw, 1024px\" \/><figcaption class=\"wp-element-caption\">Entr\u00e9e Nord &#8211; Fort de la Turra<\/figcaption><\/figure>\n\n\n\n<p>Avec un groupe de membres du chemin de fer de Rill\u00e9, je suis all\u00e9 pour la premi\u00e8re fois \u00e0 la montagne r\u00e9aliser un chantier de ma\u00e7onnerie \u00e0 2400m d&rsquo;altitude sur un ancien fort construit au XIX\u00e8me si\u00e8cle.<\/p>\n\n\n\n<p>Tous les \u00e9t\u00e9s depuis 2006, une dizaine de b\u00e9n\u00e9vole partent en haut du Mont Cenis pour pr\u00e9server et faire revivre ce fort militaire abandonn\u00e9 apr\u00e8s la Deuxi\u00e8me guerre mondiale. Dans le cadre de cette pr\u00e9servation du patrimoine, je suis parti avec eux en ao\u00fbt 2023 pour apporter ma pierre \u00e0 l&rsquo;\u00e9difice. Suite \u00e0 des avalanches, la toiture se retrouve sous les pierres, il faut donc d\u00e9placer la montagne pour venir le b\u00e2timent \u00e0 cet endroit. J&rsquo;ai eu l&rsquo;occasion d&rsquo;apprendre \u00e0 r\u00e9aliser la ma\u00e7onnerie de mur en pierre, une premi\u00e8re pour moi !<\/p>\n\n\n\n<figure class=\"wp-block-image size-large\"><img loading=\"lazy\" decoding=\"async\" width=\"1024\" height=\"692\" src=\"http:\/\/projets-tm.fr\/wp-content\/uploads\/2023\/12\/0005-1024x692.jpg\" alt=\"\" class=\"wp-image-124\" srcset=\"https:\/\/projets-tm.fr\/wp-content\/uploads\/2023\/12\/0005-1024x692.jpg 1024w, https:\/\/projets-tm.fr\/wp-content\/uploads\/2023\/12\/0005-300x203.jpg 300w, https:\/\/projets-tm.fr\/wp-content\/uploads\/2023\/12\/0005-768x519.jpg 768w, https:\/\/projets-tm.fr\/wp-content\/uploads\/2023\/12\/0005-1536x1038.jpg 1536w, https:\/\/projets-tm.fr\/wp-content\/uploads\/2023\/12\/0005-1170x790.jpg 1170w, https:\/\/projets-tm.fr\/wp-content\/uploads\/2023\/12\/0005.jpg 1818w\" sizes=\"(max-width: 1024px) 100vw, 1024px\" \/><figcaption class=\"wp-element-caption\">Ancien casernement &#8211; Fort de la Turra<\/figcaption><\/figure>\n\n\n\n<figure class=\"wp-block-image size-large\"><img loading=\"lazy\" decoding=\"async\" width=\"1024\" height=\"692\" src=\"http:\/\/projets-tm.fr\/wp-content\/uploads\/2023\/12\/0022-2-1024x692.jpg\" alt=\"\" class=\"wp-image-169\" srcset=\"https:\/\/projets-tm.fr\/wp-content\/uploads\/2023\/12\/0022-2-1024x692.jpg 1024w, https:\/\/projets-tm.fr\/wp-content\/uploads\/2023\/12\/0022-2-300x203.jpg 300w, https:\/\/projets-tm.fr\/wp-content\/uploads\/2023\/12\/0022-2-768x519.jpg 768w, https:\/\/projets-tm.fr\/wp-content\/uploads\/2023\/12\/0022-2-1536x1038.jpg 1536w, https:\/\/projets-tm.fr\/wp-content\/uploads\/2023\/12\/0022-2-1170x790.jpg 1170w, https:\/\/projets-tm.fr\/wp-content\/uploads\/2023\/12\/0022-2.jpg 1818w\" sizes=\"(max-width: 1024px) 100vw, 1024px\" \/><figcaption class=\"wp-element-caption\">Le fort \u00e0 l&rsquo;\u00e9preuve du temps &#8211; Fort de la Turra<\/figcaption><\/figure>\n\n\n<p style=\"text-align: center;\"><iframe loading=\"lazy\" style=\"border: 0;\" src=\"https:\/\/www.google.com\/maps\/embed?pb=!1m18!1m12!1m3!1d2416.751799386743!2d6.8876560262646445!3d45.263943099686095!2m3!1f0!2f0!3f0!3m2!1i1024!2i768!4f13.1!3m3!1m2!1s0x4789a2ec066f8bdd%3A0xd76e0d9225cb424b!2sAncien%20Fort%20de%20la%20Turra%2C%2073480%20Val-Cenis!5e1!3m2!1sfr!2sfr!4v1701628166835!5m2!1sfr!2sfr\" width=\"600\" height=\"450\" allowfullscreen=\"allowfullscreen\"><\/iframe><\/p>","protected":false},"excerpt":{"rendered":"<p>Avec un groupe de membres du chemin de fer de Rill\u00e9, je suis all\u00e9 pour la premi\u00e8re fois \u00e0 la montagne r\u00e9aliser un chantier de ma\u00e7onnerie \u00e0 2400m d&rsquo;altitude sur un ancien fort construit au XIX\u00e8me si\u00e8cle. Tous les \u00e9t\u00e9s depuis 2006, une dizaine de b\u00e9n\u00e9vole partent en haut du Mont Cenis pour pr\u00e9server et [&hellip;]<\/p>\n","protected":false},"author":1,"featured_media":0,"parent":0,"menu_order":0,"comment_status":"closed","ping_status":"closed","template":"","meta":{"footnotes":""},"_links":{"self":[{"href":"https:\/\/projets-tm.fr\/index.php?rest_route=\/wp\/v2\/pages\/47"}],"collection":[{"href":"https:\/\/projets-tm.fr\/index.php?rest_route=\/wp\/v2\/pages"}],"about":[{"href":"https:\/\/projets-tm.fr\/index.php?rest_route=\/wp\/v2\/types\/page"}],"author":[{"embeddable":true,"href":"https:\/\/projets-tm.fr\/index.php?rest_route=\/wp\/v2\/users\/1"}],"replies":[{"embeddable":true,"href":"https:\/\/projets-tm.fr\/index.php?rest_route=%2Fwp%2Fv2%2Fcomments&post=47"}],"version-history":[{"count":5,"href":"https:\/\/projets-tm.fr\/index.php?rest_route=\/wp\/v2\/pages\/47\/revisions"}],"predecessor-version":[{"id":606,"href":"https:\/\/projets-tm.fr\/index.php?rest_route=\/wp\/v2\/pages\/47\/revisions\/606"}],"wp:attachment":[{"href":"https:\/\/projets-tm.fr\/index.php?rest_route=%2Fwp%2Fv2%2Fmedia&parent=47"}],"curies":[{"name":"wp","href":"https:\/\/api.w.org\/{rel}","templated":true}]}}