{"id":45,"date":"2023-12-18T22:55:07","date_gmt":"2023-12-18T21:55:07","guid":{"rendered":"https:\/\/projets-tm.fr\/?page_id=45"},"modified":"2025-01-05T21:51:16","modified_gmt":"2025-01-05T20:51:16","slug":"gmp","status":"publish","type":"page","link":"https:\/\/projets-tm.fr\/?page_id=45","title":{"rendered":"GMP"},"content":{"rendered":"\n<figure class=\"wp-block-image size-large\"><img loading=\"lazy\" decoding=\"async\" width=\"1024\" height=\"245\" src=\"http:\/\/projets-tm.fr\/wp-content\/uploads\/2023\/12\/iut-orlcopyright-ans-1024x245.jpg\" alt=\"\" class=\"wp-image-94\" srcset=\"https:\/\/projets-tm.fr\/wp-content\/uploads\/2023\/12\/iut-orlcopyright-ans-1024x245.jpg 1024w, https:\/\/projets-tm.fr\/wp-content\/uploads\/2023\/12\/iut-orlcopyright-ans-300x72.jpg 300w, https:\/\/projets-tm.fr\/wp-content\/uploads\/2023\/12\/iut-orlcopyright-ans-768x184.jpg 768w, https:\/\/projets-tm.fr\/wp-content\/uploads\/2023\/12\/iut-orlcopyright-ans-1536x368.jpg 1536w, https:\/\/projets-tm.fr\/wp-content\/uploads\/2023\/12\/iut-orlcopyright-ans-1170x280.jpg 1170w, https:\/\/projets-tm.fr\/wp-content\/uploads\/2023\/12\/iut-orlcopyright-ans.jpg 1599w\" sizes=\"(max-width: 1024px) 100vw, 1024px\" \/><\/figure>\n\n\n\n<div class=\"wp-block-media-text is-stacked-on-mobile\"><figure class=\"wp-block-media-text__media\"><img loading=\"lazy\" decoding=\"async\" width=\"1024\" height=\"683\" src=\"http:\/\/projets-tm.fr\/wp-content\/uploads\/2023\/12\/002-1024x683.jpg\" alt=\"\" class=\"wp-image-96 size-full\" srcset=\"https:\/\/projets-tm.fr\/wp-content\/uploads\/2023\/12\/002-1024x683.jpg 1024w, https:\/\/projets-tm.fr\/wp-content\/uploads\/2023\/12\/002-300x200.jpg 300w, https:\/\/projets-tm.fr\/wp-content\/uploads\/2023\/12\/002-768x512.jpg 768w, https:\/\/projets-tm.fr\/wp-content\/uploads\/2023\/12\/002-1536x1024.jpg 1536w, https:\/\/projets-tm.fr\/wp-content\/uploads\/2023\/12\/002-1170x780.jpg 1170w, https:\/\/projets-tm.fr\/wp-content\/uploads\/2023\/12\/002-rotated.jpg 1800w\" sizes=\"(max-width: 1024px) 100vw, 1024px\" \/><\/figure><div class=\"wp-block-media-text__content\">\n<p>Apr\u00e8s mon BAC G\u00e9n\u00e9ral sp\u00e9cialit\u00e9s math\u00e9matiques, physique-chimie et sciences de l&rsquo;ing\u00e9nieur avec les options maths expertes et arts plastiques. Je d\u00e9cide de poursuivre mes \u00e9tudes par un Bachelor Universitaire de Technologie G\u00e9nie M\u00e9canique et Productique (BUT GMP) par alternance \u00e0 l&rsquo;IUT d&rsquo;Orl\u00e9ans (45).<\/p>\n<\/div><\/div>\n\n\n\n<p>J&rsquo;ai pu apprendre \u00e0 d\u00e9velopper mes comp\u00e9tences dans les diff\u00e9rentes m\u00e9thodes de fabrication (moulage, usinage traditionnel et sur commande num\u00e9rique, pliage, d\u00e9coupe jet d&rsquo;eau&#8230;), les m\u00e9thodes de m\u00e9trologie gr\u00e2ce \u00e0 des bras de scan et des MMT et les m\u00e9thodes de test gr\u00e2ce \u00e0 des \u00e9prouvettes de traction par exemple. Avec la coloration automobile du GMP d&rsquo;Orl\u00e9ans, j&rsquo;ai pu approfondir mes comp\u00e9tences dans le monde de la motorisation thermique et \u00e9lectrique gr\u00e2ce aux nombreux travaux pratiques sur des bancs d&rsquo;essais moteurs.<\/p>\n\n\n\n<div class=\"wp-block-media-text has-media-on-the-right is-stacked-on-mobile\"><div class=\"wp-block-media-text__content\">\n<p>Dans le cadre du projet de fin de troisi\u00e8me ann\u00e9e du BUT GMP, j&rsquo;ai r\u00e9alis\u00e9 la conception d&rsquo;une bo\u00eete de vitesse pour v\u00e9lo dans l&rsquo;objectif de remplacer les d\u00e9railleurs de v\u00e9lo pour une future application sur les v\u00e9los \u00e9lectriques.<\/p>\n<\/div><figure class=\"wp-block-media-text__media\"><img loading=\"lazy\" decoding=\"async\" width=\"568\" height=\"439\" src=\"http:\/\/projets-tm.fr\/wp-content\/uploads\/2023\/12\/bdv-171123-004-ix-removebg-preview.png\" alt=\"\" class=\"wp-image-24 size-full\" srcset=\"https:\/\/projets-tm.fr\/wp-content\/uploads\/2023\/12\/bdv-171123-004-ix-removebg-preview.png 568w, https:\/\/projets-tm.fr\/wp-content\/uploads\/2023\/12\/bdv-171123-004-ix-removebg-preview-300x232.png 300w\" sizes=\"(max-width: 568px) 100vw, 568px\" \/><\/figure><\/div>\n\n\n<p style=\"text-align: center;\"><iframe loading=\"lazy\" style=\"border: 0;\" src=\"https:\/\/www.google.com\/maps\/embed?pb=!1m18!1m12!1m3!1d2632.4484247110217!2d1.9210407878324833!3d47.84394529734261!2m3!1f0!2f0!3f0!3m2!1i1024!2i768!4f13.1!3m3!1m2!1s0x47e4e5d63f085cc9%3A0xef14ba9722fe8804!2sIUT%20Orl%C3%A9ans%20D%C3%A9partement%20GMP!5e1!3m2!1sfr!2sfr!4v1703023528561!5m2!1sfr!2sfr\" width=\"600\" height=\"450\" allowfullscreen=\"allowfullscreen\"><\/iframe><\/p>","protected":false},"excerpt":{"rendered":"<p>Apr\u00e8s mon BAC G\u00e9n\u00e9ral sp\u00e9cialit\u00e9s math\u00e9matiques, physique-chimie et sciences de l&rsquo;ing\u00e9nieur avec les options maths expertes et arts plastiques. Je d\u00e9cide de poursuivre mes \u00e9tudes par un Bachelor Universitaire de Technologie G\u00e9nie M\u00e9canique et Productique (BUT GMP) par alternance \u00e0 l&rsquo;IUT d&rsquo;Orl\u00e9ans (45). J&rsquo;ai pu apprendre \u00e0 d\u00e9velopper mes comp\u00e9tences dans les diff\u00e9rentes m\u00e9thodes de [&hellip;]<\/p>\n","protected":false},"author":1,"featured_media":0,"parent":0,"menu_order":0,"comment_status":"closed","ping_status":"closed","template":"","meta":{"footnotes":""},"_links":{"self":[{"href":"https:\/\/projets-tm.fr\/index.php?rest_route=\/wp\/v2\/pages\/45"}],"collection":[{"href":"https:\/\/projets-tm.fr\/index.php?rest_route=\/wp\/v2\/pages"}],"about":[{"href":"https:\/\/projets-tm.fr\/index.php?rest_route=\/wp\/v2\/types\/page"}],"author":[{"embeddable":true,"href":"https:\/\/projets-tm.fr\/index.php?rest_route=\/wp\/v2\/users\/1"}],"replies":[{"embeddable":true,"href":"https:\/\/projets-tm.fr\/index.php?rest_route=%2Fwp%2Fv2%2Fcomments&post=45"}],"version-history":[{"count":8,"href":"https:\/\/projets-tm.fr\/index.php?rest_route=\/wp\/v2\/pages\/45\/revisions"}],"predecessor-version":[{"id":512,"href":"https:\/\/projets-tm.fr\/index.php?rest_route=\/wp\/v2\/pages\/45\/revisions\/512"}],"wp:attachment":[{"href":"https:\/\/projets-tm.fr\/index.php?rest_route=%2Fwp%2Fv2%2Fmedia&parent=45"}],"curies":[{"name":"wp","href":"https:\/\/api.w.org\/{rel}","templated":true}]}}