{"id":38,"date":"2023-12-18T22:53:31","date_gmt":"2023-12-18T21:53:31","guid":{"rendered":"https:\/\/projets-tm.fr\/?page_id=38"},"modified":"2024-02-27T21:24:57","modified_gmt":"2024-02-27T20:24:57","slug":"chemin-de-fer-de-rille","status":"publish","type":"page","link":"https:\/\/projets-tm.fr\/?page_id=38","title":{"rendered":"Chemin de fer de Rill\u00e9"},"content":{"rendered":"\n<figure class=\"wp-block-image aligncenter is-resized\"><img loading=\"lazy\" decoding=\"async\" width=\"1024\" height=\"682\" src=\"http:\/\/projets-tm.fr\/wp-content\/uploads\/2023\/12\/20210805_145308_stageVapeur4J_JJu-1024x682.jpg\" alt=\"\" class=\"wp-image-60\" style=\"width:720px;height:auto\" srcset=\"https:\/\/projets-tm.fr\/wp-content\/uploads\/2023\/12\/20210805_145308_stageVapeur4J_JJu-1024x682.jpg 1024w, https:\/\/projets-tm.fr\/wp-content\/uploads\/2023\/12\/20210805_145308_stageVapeur4J_JJu-300x200.jpg 300w, https:\/\/projets-tm.fr\/wp-content\/uploads\/2023\/12\/20210805_145308_stageVapeur4J_JJu-768x512.jpg 768w, https:\/\/projets-tm.fr\/wp-content\/uploads\/2023\/12\/20210805_145308_stageVapeur4J_JJu-1536x1024.jpg 1536w, https:\/\/projets-tm.fr\/wp-content\/uploads\/2023\/12\/20210805_145308_stageVapeur4J_JJu-1170x780.jpg 1170w, https:\/\/projets-tm.fr\/wp-content\/uploads\/2023\/12\/20210805_145308_stageVapeur4J_JJu.jpg 2000w\" sizes=\"(max-width: 1024px) 100vw, 1024px\" \/><figcaption class=\"wp-element-caption\">Stage vapeur &#8211; Formateur agent de man\u0153uvre <\/figcaption><\/figure>\n\n\n\n<p>         Depuis novembre 2015, je suis membre actif du Chemin de fer \u00e0 vapeur de Rill\u00e9 situ\u00e9 en Indre-et-Loire (37). Tous les week-ends depuis mes 12 ans, je participe activement \u00e0 la pr\u00e9servation du patrimoine ferroviaire. Gr\u00e2ce \u00e0 cette activit\u00e9 b\u00e9n\u00e9vole, j\u2019ai pu apprendre de nombreuses choses sur la m\u00e9canique et sur le travail en groupe. Du fraisage au tournage, en passant par la soudure et l\u2019ajustage, de la conduite \u00e0 la formation et au travail de groupe. Cette activit\u00e9 est pour moi une merveilleuse fa\u00e7on d\u2019apprendre et de comprendre, c\u2019est en partie gr\u00e2ce \u00e0 cela que je me suis orient\u00e9 vers la m\u00e9canique dans mes \u00e9tudes et le domaine ferroviaire plus particuli\u00e8rement.<\/p>\n\n\n\n<figure class=\"wp-block-image size-large\"><img loading=\"lazy\" decoding=\"async\" width=\"1024\" height=\"683\" src=\"https:\/\/projets-tm.fr\/wp-content\/uploads\/2023\/12\/006-1024x683.jpg\" alt=\"\" class=\"wp-image-61\" srcset=\"https:\/\/projets-tm.fr\/wp-content\/uploads\/2023\/12\/006-1024x683.jpg 1024w, https:\/\/projets-tm.fr\/wp-content\/uploads\/2023\/12\/006-300x200.jpg 300w, https:\/\/projets-tm.fr\/wp-content\/uploads\/2023\/12\/006-768x512.jpg 768w, https:\/\/projets-tm.fr\/wp-content\/uploads\/2023\/12\/006-1536x1024.jpg 1536w, https:\/\/projets-tm.fr\/wp-content\/uploads\/2023\/12\/006-1170x780.jpg 1170w, https:\/\/projets-tm.fr\/wp-content\/uploads\/2023\/12\/006-rotated.jpg 1800w\" sizes=\"(max-width: 1024px) 100vw, 1024px\" \/><figcaption class=\"wp-element-caption\">Locotracteur Billard et locomotive \u00e0 vapeur 040 Roumaine &#8211; Rotonde de Rill\u00e9<\/figcaption><\/figure>\n\n\n\n<figure class=\"wp-block-image size-large\"><img loading=\"lazy\" decoding=\"async\" width=\"1024\" height=\"682\" src=\"http:\/\/projets-tm.fr\/wp-content\/uploads\/2023\/12\/20200806_153639_stageVapeur4J_JJu-1-1024x682.jpg\" alt=\"\" class=\"wp-image-62\" srcset=\"https:\/\/projets-tm.fr\/wp-content\/uploads\/2023\/12\/20200806_153639_stageVapeur4J_JJu-1-1024x682.jpg 1024w, https:\/\/projets-tm.fr\/wp-content\/uploads\/2023\/12\/20200806_153639_stageVapeur4J_JJu-1-300x200.jpg 300w, https:\/\/projets-tm.fr\/wp-content\/uploads\/2023\/12\/20200806_153639_stageVapeur4J_JJu-1-768x512.jpg 768w, https:\/\/projets-tm.fr\/wp-content\/uploads\/2023\/12\/20200806_153639_stageVapeur4J_JJu-1-1536x1024.jpg 1536w, https:\/\/projets-tm.fr\/wp-content\/uploads\/2023\/12\/20200806_153639_stageVapeur4J_JJu-1-1170x780.jpg 1170w, https:\/\/projets-tm.fr\/wp-content\/uploads\/2023\/12\/20200806_153639_stageVapeur4J_JJu-1.jpg 2000w\" sizes=\"(max-width: 1024px) 100vw, 1024px\" \/><figcaption class=\"wp-element-caption\">Formateur au sein de l&rsquo;association &#8211; Stage vapeur<\/figcaption><\/figure>\n\n\n\n<figure class=\"wp-block-image size-full\"><img loading=\"lazy\" decoding=\"async\" width=\"1600\" height=\"960\" src=\"https:\/\/projets-tm.fr\/wp-content\/uploads\/2023\/12\/jd20161210_144343.jpg\" alt=\"\" class=\"wp-image-64\" srcset=\"https:\/\/projets-tm.fr\/wp-content\/uploads\/2023\/12\/jd20161210_144343.jpg 1600w, https:\/\/projets-tm.fr\/wp-content\/uploads\/2023\/12\/jd20161210_144343-300x180.jpg 300w, https:\/\/projets-tm.fr\/wp-content\/uploads\/2023\/12\/jd20161210_144343-1024x614.jpg 1024w, https:\/\/projets-tm.fr\/wp-content\/uploads\/2023\/12\/jd20161210_144343-768x461.jpg 768w, https:\/\/projets-tm.fr\/wp-content\/uploads\/2023\/12\/jd20161210_144343-1536x922.jpg 1536w, https:\/\/projets-tm.fr\/wp-content\/uploads\/2023\/12\/jd20161210_144343-1170x702.jpg 1170w\" sizes=\"(max-width: 1600px) 100vw, 1600px\" \/><figcaption class=\"wp-element-caption\">R\u00e9glage embiellage sur une locomotive \u00e0 vapeur &#8211; 020T O&amp;K<\/figcaption><\/figure>\n\n\n\n<figure class=\"wp-block-image size-large\"><img loading=\"lazy\" decoding=\"async\" width=\"1024\" height=\"692\" src=\"https:\/\/projets-tm.fr\/wp-content\/uploads\/2023\/12\/019-6-1024x692.jpg\" alt=\"\" class=\"wp-image-66\" srcset=\"https:\/\/projets-tm.fr\/wp-content\/uploads\/2023\/12\/019-6-1024x692.jpg 1024w, https:\/\/projets-tm.fr\/wp-content\/uploads\/2023\/12\/019-6-300x203.jpg 300w, https:\/\/projets-tm.fr\/wp-content\/uploads\/2023\/12\/019-6-768x519.jpg 768w, https:\/\/projets-tm.fr\/wp-content\/uploads\/2023\/12\/019-6-1536x1038.jpg 1536w, https:\/\/projets-tm.fr\/wp-content\/uploads\/2023\/12\/019-6-1170x790.jpg 1170w, https:\/\/projets-tm.fr\/wp-content\/uploads\/2023\/12\/019-6.jpg 1818w\" sizes=\"(max-width: 1024px) 100vw, 1024px\" \/><figcaption class=\"wp-element-caption\">Usinage sur fraiseuse traditionnelle<\/figcaption><\/figure>\n\n\n\n<figure class=\"wp-block-image size-large\"><img loading=\"lazy\" decoding=\"async\" width=\"1024\" height=\"683\" src=\"https:\/\/projets-tm.fr\/wp-content\/uploads\/2023\/12\/012-1024x683.jpg\" alt=\"\" class=\"wp-image-69\" srcset=\"https:\/\/projets-tm.fr\/wp-content\/uploads\/2023\/12\/012-1024x683.jpg 1024w, https:\/\/projets-tm.fr\/wp-content\/uploads\/2023\/12\/012-300x200.jpg 300w, https:\/\/projets-tm.fr\/wp-content\/uploads\/2023\/12\/012-768x512.jpg 768w, https:\/\/projets-tm.fr\/wp-content\/uploads\/2023\/12\/012-1536x1024.jpg 1536w, https:\/\/projets-tm.fr\/wp-content\/uploads\/2023\/12\/012-1170x780.jpg 1170w, https:\/\/projets-tm.fr\/wp-content\/uploads\/2023\/12\/012-rotated.jpg 1800w\" sizes=\"(max-width: 1024px) 100vw, 1024px\" \/><figcaption class=\"wp-element-caption\">Plateforme Decauville type 1915 &#8211; Apr\u00e8s sa restauration entre 2017 et 2020, la plateforme est utilis\u00e9 pour le transport de marchandise pendant les chantiers<\/figcaption><\/figure>\n\n\n\n<figure class=\"wp-block-image size-large\"><img loading=\"lazy\" decoding=\"async\" width=\"1024\" height=\"683\" src=\"https:\/\/projets-tm.fr\/wp-content\/uploads\/2023\/12\/016-1-1024x683.jpg\" alt=\"\" class=\"wp-image-71\" srcset=\"https:\/\/projets-tm.fr\/wp-content\/uploads\/2023\/12\/016-1-1024x683.jpg 1024w, https:\/\/projets-tm.fr\/wp-content\/uploads\/2023\/12\/016-1-300x200.jpg 300w, https:\/\/projets-tm.fr\/wp-content\/uploads\/2023\/12\/016-1-768x512.jpg 768w, https:\/\/projets-tm.fr\/wp-content\/uploads\/2023\/12\/016-1-1536x1024.jpg 1536w, https:\/\/projets-tm.fr\/wp-content\/uploads\/2023\/12\/016-1-1170x780.jpg 1170w, https:\/\/projets-tm.fr\/wp-content\/uploads\/2023\/12\/016-1-rotated.jpg 1800w\" sizes=\"(max-width: 1024px) 100vw, 1024px\" \/><figcaption class=\"wp-element-caption\">Levage de la chaudi\u00e8re d&rsquo;une 030T Decauville &#8211; Projet d\u00e9marr\u00e9 en 2016, toujours en cour<\/figcaption><\/figure>\n\n\n\n<figure class=\"wp-block-image size-large\"><img loading=\"lazy\" decoding=\"async\" width=\"1024\" height=\"692\" src=\"https:\/\/projets-tm.fr\/wp-content\/uploads\/2023\/12\/0017-1-1024x692.jpg\" alt=\"\" class=\"wp-image-73\" srcset=\"https:\/\/projets-tm.fr\/wp-content\/uploads\/2023\/12\/0017-1-1024x692.jpg 1024w, https:\/\/projets-tm.fr\/wp-content\/uploads\/2023\/12\/0017-1-300x203.jpg 300w, https:\/\/projets-tm.fr\/wp-content\/uploads\/2023\/12\/0017-1-768x519.jpg 768w, https:\/\/projets-tm.fr\/wp-content\/uploads\/2023\/12\/0017-1-1536x1038.jpg 1536w, https:\/\/projets-tm.fr\/wp-content\/uploads\/2023\/12\/0017-1-1170x790.jpg 1170w, https:\/\/projets-tm.fr\/wp-content\/uploads\/2023\/12\/0017-1.jpg 1818w\" sizes=\"(max-width: 1024px) 100vw, 1024px\" \/><figcaption class=\"wp-element-caption\">Sablage du ch\u00e2ssis de la 030 Decauville<\/figcaption><\/figure>\n\n\n\n<figure class=\"wp-block-image size-large\"><img loading=\"lazy\" decoding=\"async\" width=\"1024\" height=\"692\" src=\"https:\/\/projets-tm.fr\/wp-content\/uploads\/2023\/12\/020-6-1024x692.jpg\" alt=\"\" class=\"wp-image-74\" srcset=\"https:\/\/projets-tm.fr\/wp-content\/uploads\/2023\/12\/020-6-1024x692.jpg 1024w, https:\/\/projets-tm.fr\/wp-content\/uploads\/2023\/12\/020-6-300x203.jpg 300w, https:\/\/projets-tm.fr\/wp-content\/uploads\/2023\/12\/020-6-768x519.jpg 768w, https:\/\/projets-tm.fr\/wp-content\/uploads\/2023\/12\/020-6-1536x1038.jpg 1536w, https:\/\/projets-tm.fr\/wp-content\/uploads\/2023\/12\/020-6-1170x790.jpg 1170w, https:\/\/projets-tm.fr\/wp-content\/uploads\/2023\/12\/020-6.jpg 1818w\" sizes=\"(max-width: 1024px) 100vw, 1024px\" \/><figcaption class=\"wp-element-caption\">Usinage d&rsquo;un graisseur m\u00e9canique pour la 040 DFB<\/figcaption><\/figure>\n\n\n\n<figure class=\"wp-block-image size-large is-resized\"><img loading=\"lazy\" decoding=\"async\" width=\"1024\" height=\"692\" src=\"https:\/\/projets-tm.fr\/wp-content\/uploads\/2023\/12\/0025-1-1024x692.jpg\" alt=\"\" class=\"wp-image-76\" style=\"width:720px;height:auto\" srcset=\"https:\/\/projets-tm.fr\/wp-content\/uploads\/2023\/12\/0025-1-1024x692.jpg 1024w, https:\/\/projets-tm.fr\/wp-content\/uploads\/2023\/12\/0025-1-300x203.jpg 300w, https:\/\/projets-tm.fr\/wp-content\/uploads\/2023\/12\/0025-1-768x519.jpg 768w, https:\/\/projets-tm.fr\/wp-content\/uploads\/2023\/12\/0025-1-1536x1038.jpg 1536w, https:\/\/projets-tm.fr\/wp-content\/uploads\/2023\/12\/0025-1-1170x790.jpg 1170w, https:\/\/projets-tm.fr\/wp-content\/uploads\/2023\/12\/0025-1.jpg 1818w\" sizes=\"(max-width: 1024px) 100vw, 1024px\" \/><figcaption class=\"wp-element-caption\">R\u00e9fection des bo\u00eetes d&rsquo;essieux de la 030T Decauville<\/figcaption><\/figure>\n\n\n\n<figure class=\"wp-block-image size-large\"><img loading=\"lazy\" decoding=\"async\" width=\"1024\" height=\"683\" src=\"https:\/\/projets-tm.fr\/wp-content\/uploads\/2023\/12\/029-1024x683.jpg\" alt=\"\" class=\"wp-image-77\" srcset=\"https:\/\/projets-tm.fr\/wp-content\/uploads\/2023\/12\/029-1024x683.jpg 1024w, https:\/\/projets-tm.fr\/wp-content\/uploads\/2023\/12\/029-300x200.jpg 300w, https:\/\/projets-tm.fr\/wp-content\/uploads\/2023\/12\/029-768x512.jpg 768w, https:\/\/projets-tm.fr\/wp-content\/uploads\/2023\/12\/029-1536x1024.jpg 1536w, https:\/\/projets-tm.fr\/wp-content\/uploads\/2023\/12\/029-1170x780.jpg 1170w, https:\/\/projets-tm.fr\/wp-content\/uploads\/2023\/12\/029-rotated.jpg 1800w\" sizes=\"(max-width: 1024px) 100vw, 1024px\" \/><figcaption class=\"wp-element-caption\">Pr\u00e9paration de la 040 DFB pour un essai<\/figcaption><\/figure>\n\n\n<p style=\"text-align: center;\"><iframe loading=\"lazy\" style=\"border: 0;\" src=\"https:\/\/www.google.com\/maps\/embed?pb=!1m18!1m12!1m3!1d2652.053711256808!2d0.2233683!3d47.4564321!2m3!1f0!2f0!3f0!3m2!1i1024!2i768!4f13.1!3m3!1m2!1s0x47e2b337d451c2cd%3A0x3ffaa87909735131!2sChemin%20de%20Fer%20de%20Rill%C3%A9!5e1!3m2!1sfr!2sfr!4v1703022289096!5m2!1sfr!2sfr\" width=\"600\" height=\"450\" allowfullscreen=\"allowfullscreen\"><\/iframe><\/p>","protected":false},"excerpt":{"rendered":"<p>Depuis novembre 2015, je suis membre actif du Chemin de fer \u00e0 vapeur de Rill\u00e9 situ\u00e9 en Indre-et-Loire (37). Tous les week-ends depuis mes 12 ans, je participe activement \u00e0 la pr\u00e9servation du patrimoine ferroviaire. Gr\u00e2ce \u00e0 cette activit\u00e9 b\u00e9n\u00e9vole, j\u2019ai pu apprendre de nombreuses choses sur la m\u00e9canique et sur le travail en groupe. [&hellip;]<\/p>\n","protected":false},"author":1,"featured_media":0,"parent":0,"menu_order":0,"comment_status":"closed","ping_status":"closed","template":"","meta":{"footnotes":""},"_links":{"self":[{"href":"https:\/\/projets-tm.fr\/index.php?rest_route=\/wp\/v2\/pages\/38"}],"collection":[{"href":"https:\/\/projets-tm.fr\/index.php?rest_route=\/wp\/v2\/pages"}],"about":[{"href":"https:\/\/projets-tm.fr\/index.php?rest_route=\/wp\/v2\/types\/page"}],"author":[{"embeddable":true,"href":"https:\/\/projets-tm.fr\/index.php?rest_route=\/wp\/v2\/users\/1"}],"replies":[{"embeddable":true,"href":"https:\/\/projets-tm.fr\/index.php?rest_route=%2Fwp%2Fv2%2Fcomments&post=38"}],"version-history":[{"count":17,"href":"https:\/\/projets-tm.fr\/index.php?rest_route=\/wp\/v2\/pages\/38\/revisions"}],"predecessor-version":[{"id":306,"href":"https:\/\/projets-tm.fr\/index.php?rest_route=\/wp\/v2\/pages\/38\/revisions\/306"}],"wp:attachment":[{"href":"https:\/\/projets-tm.fr\/index.php?rest_route=%2Fwp%2Fv2%2Fmedia&parent=38"}],"curies":[{"name":"wp","href":"https:\/\/api.w.org\/{rel}","templated":true}]}}