{"id":239,"date":"2024-02-13T14:15:06","date_gmt":"2024-02-13T13:15:06","guid":{"rendered":"https:\/\/projets-tm.fr\/?page_id=239"},"modified":"2024-09-11T23:27:39","modified_gmt":"2024-09-11T21:27:39","slug":"freinage-de-la-baignoire","status":"publish","type":"page","link":"https:\/\/projets-tm.fr\/?page_id=239","title":{"rendered":"Freinage de la Baignoire"},"content":{"rendered":"\n<figure class=\"wp-block-image alignwide size-large\"><img loading=\"lazy\" decoding=\"async\" width=\"2016\" height=\"1135\" src=\"https:\/\/projets-tm.fr\/wp-content\/uploads\/2024\/02\/MicrosoftTeams-image-37-edited.jpg\" alt=\"\" class=\"wp-image-241\" srcset=\"https:\/\/projets-tm.fr\/wp-content\/uploads\/2024\/02\/MicrosoftTeams-image-37-edited.jpg 2016w, https:\/\/projets-tm.fr\/wp-content\/uploads\/2024\/02\/MicrosoftTeams-image-37-edited-300x169.jpg 300w, https:\/\/projets-tm.fr\/wp-content\/uploads\/2024\/02\/MicrosoftTeams-image-37-edited-1024x577.jpg 1024w, https:\/\/projets-tm.fr\/wp-content\/uploads\/2024\/02\/MicrosoftTeams-image-37-edited-768x432.jpg 768w, https:\/\/projets-tm.fr\/wp-content\/uploads\/2024\/02\/MicrosoftTeams-image-37-edited-1536x865.jpg 1536w, https:\/\/projets-tm.fr\/wp-content\/uploads\/2024\/02\/MicrosoftTeams-image-37-edited-1170x659.jpg 1170w\" sizes=\"(max-width: 2016px) 100vw, 2016px\" \/><\/figure>\n\n\n\n<h2 class=\"wp-block-heading\">R\u00e9novation  du freinage d&rsquo;un bogie<\/h2>\n\n\n\n<p>\u00ab\u00a0La Baignoire\u00a0\u00bb est une voiture voyageur qui circule de mai \u00e0 septembre sur le r\u00e9seau du Chemin de fer de Rill\u00e9. Elle tient son nom du fait qu&rsquo;elle n&rsquo;a pas de toit, ce qui en fait une vraie baignoire les jours de pluie. Ce wagon servait \u00e0 la base pour le transport de betterave sucri\u00e8re \u00e0 Pithiviers. <\/p>\n\n\n\n<p>Lors du freinage de la rame, les sabots de frein s&rsquo;usent par friction sur le bandage des roues. Avec le temps, du jeu anormal appara\u00eet dans la timonerie de frein et r\u00e9duit l&rsquo;efficacit\u00e9 du freinage.<\/p>\n\n\n\n<p>Pendant la saison hivernale de 2023-2024, j&rsquo;ai d\u00e9mont\u00e9 le syst\u00e8me de freinage de<br>\u00ab\u00a0La Baignoire\u00a0\u00bb pour supprimer les jeux dus \u00e0 l&rsquo;usure et changer les sabots de frein. J&rsquo;ai usin\u00e9 des axes et des bagues, remod\u00e9lis\u00e9 les sabots de frein pour les imprimer en 3D et les envoyer comme mod\u00e8le \u00e0 un fondeur.<\/p>\n\n\n\n<figure class=\"wp-block-image size-large\"><img loading=\"lazy\" decoding=\"async\" width=\"1024\" height=\"768\" src=\"https:\/\/projets-tm.fr\/wp-content\/uploads\/2024\/02\/MicrosoftTeams-image-49-1024x768.jpg\" alt=\"\" class=\"wp-image-242\" srcset=\"https:\/\/projets-tm.fr\/wp-content\/uploads\/2024\/02\/MicrosoftTeams-image-49-1024x768.jpg 1024w, https:\/\/projets-tm.fr\/wp-content\/uploads\/2024\/02\/MicrosoftTeams-image-49-300x225.jpg 300w, https:\/\/projets-tm.fr\/wp-content\/uploads\/2024\/02\/MicrosoftTeams-image-49-768x576.jpg 768w, https:\/\/projets-tm.fr\/wp-content\/uploads\/2024\/02\/MicrosoftTeams-image-49-1536x1152.jpg 1536w, https:\/\/projets-tm.fr\/wp-content\/uploads\/2024\/02\/MicrosoftTeams-image-49-1170x878.jpg 1170w, https:\/\/projets-tm.fr\/wp-content\/uploads\/2024\/02\/MicrosoftTeams-image-49.jpg 2016w\" sizes=\"(max-width: 1024px) 100vw, 1024px\" \/><figcaption class=\"wp-element-caption\">La timonerie de frein de La Baignoire<\/figcaption><\/figure>\n\n\n\n<figure class=\"wp-block-image size-large\"><img loading=\"lazy\" decoding=\"async\" width=\"1080\" height=\"1080\" src=\"https:\/\/projets-tm.fr\/wp-content\/uploads\/2024\/02\/MicrosoftTeams-image-42-edited.jpg\" alt=\"\" class=\"wp-image-246\" srcset=\"https:\/\/projets-tm.fr\/wp-content\/uploads\/2024\/02\/MicrosoftTeams-image-42-edited.jpg 1080w, https:\/\/projets-tm.fr\/wp-content\/uploads\/2024\/02\/MicrosoftTeams-image-42-edited-300x300.jpg 300w, https:\/\/projets-tm.fr\/wp-content\/uploads\/2024\/02\/MicrosoftTeams-image-42-edited-1024x1024.jpg 1024w, https:\/\/projets-tm.fr\/wp-content\/uploads\/2024\/02\/MicrosoftTeams-image-42-edited-150x150.jpg 150w, https:\/\/projets-tm.fr\/wp-content\/uploads\/2024\/02\/MicrosoftTeams-image-42-edited-768x768.jpg 768w\" sizes=\"(max-width: 1080px) 100vw, 1080px\" \/><figcaption class=\"wp-element-caption\">Impression 3D du nouveau sabot de frein<\/figcaption><\/figure>\n\n\n\r\n        <div class=\"modelViewerBlock\" data-attributes='{&quot;align&quot;:&quot;center&quot;,&quot;uniqueId&quot;:&quot;model342&quot;,&quot;currentViewer&quot;:&quot;O3DViewer&quot;,&quot;multiple&quot;:false,&quot;model&quot;:{&quot;modelUrl&quot;:&quot;http:\\\/\\\/projets-tm.fr\\\/wp-content\\\/uploads\\\/2024\\\/02\\\/sab-151023-003.obj&quot;,&quot;poster&quot;:&quot;&quot;},&quot;O3DVSettings&quot;:{&quot;isFullscreen&quot;:true,&quot;isPagination&quot;:false,&quot;isNavigation&quot;:true,&quot;camera&quot;:null,&quot;mouseControl&quot;:true},&quot;models&quot;:[],&quot;lazyLoad&quot;:false,&quot;loading&quot;:&quot;auto&quot;,&quot;autoplay&quot;:false,&quot;shadow&quot;:true,&quot;autoRotate&quot;:false,&quot;zoom&quot;:true,&quot;isPagination&quot;:false,&quot;isNavigation&quot;:true,&quot;preload&quot;:&quot;auto&quot;,&quot;rotationPerSecond&quot;:&quot;30&quot;,&quot;mouseControl&quot;:true,&quot;fullscreen&quot;:true,&quot;variant&quot;:false,&quot;loadingPercentage&quot;:false,&quot;progressBar&quot;:true,&quot;rotate&quot;:false,&quot;rotateAlongX&quot;:&quot;0&quot;,&quot;rotateAlongY&quot;:&quot;75&quot;,&quot;exposure&quot;:&quot;1&quot;,&quot;styles&quot;:{&quot;width&quot;:&quot;100%&quot;,&quot;height&quot;:&quot;700px&quot;,&quot;bgColor&quot;:&quot;transparent&quot;,&quot;progressBarColor&quot;:&quot;&quot;},&quot;stylesheet&quot;:null,&quot;additional&quot;:{&quot;ID&quot;:&quot;&quot;,&quot;Class&quot;:&quot;&quot;,&quot;CSS&quot;:&quot;&quot;},&quot;animation&quot;:false,&quot;woo&quot;:false,&quot;selectedAnimation&quot;:&quot;&quot;}'><\/div>\r\n\r\n        \n\n\n\n<p class=\"has-text-align-center\">Mod\u00e8le 3D du sabot de frein<\/p>\n\n\n\n<figure class=\"wp-block-image size-large\"><img loading=\"lazy\" decoding=\"async\" width=\"768\" height=\"1024\" src=\"https:\/\/projets-tm.fr\/wp-content\/uploads\/2024\/02\/MicrosoftTeams-image-44-768x1024.jpg\" alt=\"\" class=\"wp-image-243\" srcset=\"https:\/\/projets-tm.fr\/wp-content\/uploads\/2024\/02\/MicrosoftTeams-image-44-768x1024.jpg 768w, https:\/\/projets-tm.fr\/wp-content\/uploads\/2024\/02\/MicrosoftTeams-image-44-225x300.jpg 225w, https:\/\/projets-tm.fr\/wp-content\/uploads\/2024\/02\/MicrosoftTeams-image-44-1152x1536.jpg 1152w, https:\/\/projets-tm.fr\/wp-content\/uploads\/2024\/02\/MicrosoftTeams-image-44-1170x1560.jpg 1170w, https:\/\/projets-tm.fr\/wp-content\/uploads\/2024\/02\/MicrosoftTeams-image-44.jpg 1512w\" sizes=\"(max-width: 768px) 100vw, 768px\" \/><figcaption class=\"wp-element-caption\">En haut la pi\u00e8ce us\u00e9e et en bas la fonderie neuve<\/figcaption><\/figure>\n\n\n\n<figure class=\"wp-block-image size-large\"><img loading=\"lazy\" decoding=\"async\" width=\"1024\" height=\"768\" src=\"https:\/\/projets-tm.fr\/wp-content\/uploads\/2024\/02\/MicrosoftTeams-image-45-1024x768.jpg\" alt=\"\" class=\"wp-image-244\" srcset=\"https:\/\/projets-tm.fr\/wp-content\/uploads\/2024\/02\/MicrosoftTeams-image-45-1024x768.jpg 1024w, https:\/\/projets-tm.fr\/wp-content\/uploads\/2024\/02\/MicrosoftTeams-image-45-300x225.jpg 300w, https:\/\/projets-tm.fr\/wp-content\/uploads\/2024\/02\/MicrosoftTeams-image-45-768x576.jpg 768w, https:\/\/projets-tm.fr\/wp-content\/uploads\/2024\/02\/MicrosoftTeams-image-45-1536x1152.jpg 1536w, https:\/\/projets-tm.fr\/wp-content\/uploads\/2024\/02\/MicrosoftTeams-image-45-1170x878.jpg 1170w, https:\/\/projets-tm.fr\/wp-content\/uploads\/2024\/02\/MicrosoftTeams-image-45.jpg 2016w\" sizes=\"(max-width: 1024px) 100vw, 1024px\" \/><figcaption class=\"wp-element-caption\">Usinage des leviers de frein<\/figcaption><\/figure>\n\n\n\n<figure class=\"wp-block-image size-large\"><img loading=\"lazy\" decoding=\"async\" width=\"768\" height=\"1024\" src=\"https:\/\/projets-tm.fr\/wp-content\/uploads\/2024\/02\/MicrosoftTeams-image-47-768x1024.jpg\" alt=\"\" class=\"wp-image-247\" srcset=\"https:\/\/projets-tm.fr\/wp-content\/uploads\/2024\/02\/MicrosoftTeams-image-47-768x1024.jpg 768w, https:\/\/projets-tm.fr\/wp-content\/uploads\/2024\/02\/MicrosoftTeams-image-47-225x300.jpg 225w, https:\/\/projets-tm.fr\/wp-content\/uploads\/2024\/02\/MicrosoftTeams-image-47-1152x1536.jpg 1152w, https:\/\/projets-tm.fr\/wp-content\/uploads\/2024\/02\/MicrosoftTeams-image-47-1170x1560.jpg 1170w, https:\/\/projets-tm.fr\/wp-content\/uploads\/2024\/02\/MicrosoftTeams-image-47.jpg 1512w\" sizes=\"(max-width: 768px) 100vw, 768px\" \/><figcaption class=\"wp-element-caption\">Remontage \u00e0 blanc du freinage<\/figcaption><\/figure>\n\n\n\n<figure class=\"wp-block-image size-large\"><img loading=\"lazy\" decoding=\"async\" width=\"1024\" height=\"768\" src=\"https:\/\/projets-tm.fr\/wp-content\/uploads\/2024\/09\/20240309_181136-1024x768.jpg\" alt=\"\" class=\"wp-image-483\" srcset=\"https:\/\/projets-tm.fr\/wp-content\/uploads\/2024\/09\/20240309_181136-1024x768.jpg 1024w, https:\/\/projets-tm.fr\/wp-content\/uploads\/2024\/09\/20240309_181136-300x225.jpg 300w, https:\/\/projets-tm.fr\/wp-content\/uploads\/2024\/09\/20240309_181136-768x576.jpg 768w, https:\/\/projets-tm.fr\/wp-content\/uploads\/2024\/09\/20240309_181136-1536x1152.jpg 1536w, https:\/\/projets-tm.fr\/wp-content\/uploads\/2024\/09\/20240309_181136-2048x1536.jpg 2048w, https:\/\/projets-tm.fr\/wp-content\/uploads\/2024\/09\/20240309_181136-1170x878.jpg 1170w\" sizes=\"(max-width: 1024px) 100vw, 1024px\" \/><figcaption class=\"wp-element-caption\">Freinage remont\u00e9, \u00e0 gauche le nouveau sabot avec l&rsquo;ajout d&rsquo;un t\u00e9moin d&rsquo;usure<\/figcaption><\/figure>\n","protected":false},"excerpt":{"rendered":"<p>R\u00e9novation du freinage d&rsquo;un bogie \u00ab\u00a0La Baignoire\u00a0\u00bb est une voiture voyageur qui circule de mai \u00e0 septembre sur le r\u00e9seau du Chemin de fer de Rill\u00e9. Elle tient son nom du fait qu&rsquo;elle n&rsquo;a pas de toit, ce qui en fait une vraie baignoire les jours de pluie. Ce wagon servait \u00e0 la base pour [&hellip;]<\/p>\n","protected":false},"author":1,"featured_media":0,"parent":0,"menu_order":0,"comment_status":"closed","ping_status":"closed","template":"","meta":{"footnotes":""},"_links":{"self":[{"href":"https:\/\/projets-tm.fr\/index.php?rest_route=\/wp\/v2\/pages\/239"}],"collection":[{"href":"https:\/\/projets-tm.fr\/index.php?rest_route=\/wp\/v2\/pages"}],"about":[{"href":"https:\/\/projets-tm.fr\/index.php?rest_route=\/wp\/v2\/types\/page"}],"author":[{"embeddable":true,"href":"https:\/\/projets-tm.fr\/index.php?rest_route=\/wp\/v2\/users\/1"}],"replies":[{"embeddable":true,"href":"https:\/\/projets-tm.fr\/index.php?rest_route=%2Fwp%2Fv2%2Fcomments&post=239"}],"version-history":[{"count":5,"href":"https:\/\/projets-tm.fr\/index.php?rest_route=\/wp\/v2\/pages\/239\/revisions"}],"predecessor-version":[{"id":484,"href":"https:\/\/projets-tm.fr\/index.php?rest_route=\/wp\/v2\/pages\/239\/revisions\/484"}],"wp:attachment":[{"href":"https:\/\/projets-tm.fr\/index.php?rest_route=%2Fwp%2Fv2%2Fmedia&parent=239"}],"curies":[{"name":"wp","href":"https:\/\/api.w.org\/{rel}","templated":true}]}}