{"id":153,"date":"2023-12-20T23:26:58","date_gmt":"2023-12-20T22:26:58","guid":{"rendered":"https:\/\/projets-tm.fr\/?page_id=153"},"modified":"2024-08-13T17:02:52","modified_gmt":"2024-08-13T15:02:52","slug":"030-decauville","status":"publish","type":"page","link":"https:\/\/projets-tm.fr\/?page_id=153","title":{"rendered":"030 Decauville"},"content":{"rendered":"\n<h2 class=\"wp-block-heading\">Restauration d&rsquo;une locomotive \u00e0 vapeur<\/h2>\n\n\n\n<div class=\"wp-block-media-text is-stacked-on-mobile is-vertically-aligned-center\" style=\"grid-template-columns:42% auto\"><figure class=\"wp-block-media-text__media\"><img loading=\"lazy\" decoding=\"async\" width=\"1024\" height=\"768\" src=\"https:\/\/projets-tm.fr\/wp-content\/uploads\/2023\/12\/PICT2250-1024x768.jpg\" alt=\"\" class=\"wp-image-158 size-full\" srcset=\"https:\/\/projets-tm.fr\/wp-content\/uploads\/2023\/12\/PICT2250-1024x768.jpg 1024w, https:\/\/projets-tm.fr\/wp-content\/uploads\/2023\/12\/PICT2250-300x225.jpg 300w, https:\/\/projets-tm.fr\/wp-content\/uploads\/2023\/12\/PICT2250-768x576.jpg 768w, https:\/\/projets-tm.fr\/wp-content\/uploads\/2023\/12\/PICT2250-1170x878.jpg 1170w, https:\/\/projets-tm.fr\/wp-content\/uploads\/2023\/12\/PICT2250.jpg 1280w\" sizes=\"(max-width: 1024px) 100vw, 1024px\" \/><\/figure><div class=\"wp-block-media-text__content\">\n<h2 class=\"wp-block-heading\">L&rsquo;histoire de la 030<\/h2>\n\n\n\n<p>L\u2019histoire de la 030 N\u00b01646 commen\u00e7a en septembre 1916 lorsque la machine arriva dans les effectifs de l\u2019arm\u00e9e fran\u00e7aise et sera utilis\u00e9e sur le front. Pendant la Seconde guerre mondiale, la locomotive sera r\u00e9quisitionn\u00e9e par l\u2019Organisation Todt (groupe de g\u00e9nie civil et militaire du troisi\u00e8me Reich).<\/p>\n<\/div><\/div>\n\n\n\n<p>\u00c0 la fin de la guerre, la machine passera par la soci\u00e9t\u00e9 Brunner &amp; Marchand avant d\u2019\u00eatre revendue aux carri\u00e8res L\u00e9on&nbsp;Gatty. En 1946, la N\u00b01646 arriva dans la carri\u00e8re<br>\u00ab&nbsp;Moulin-Neuf&nbsp;\u00bb situ\u00e9 \u00e0 c\u00f4t\u00e9 de Luzy dans la Ni\u00e8vre (58) o\u00f9 le N\u00b09 lui sera attribu\u00e9. Elle tirera des trains de ballast jusqu\u2019\u00e0 la fin de l\u2019exploitation ferroviaire de la carri\u00e8re en 1964. Elle sera ensuite revendue en 1965 comme centrale vapeur \u00e0 JB Lacour.<\/p>\n\n\n\n<div class=\"wp-block-media-text has-media-on-the-right is-stacked-on-mobile\"><div class=\"wp-block-media-text__content\">\n<p>Dans les ann\u00e9es 70, la 030 sera rachet\u00e9e par M.&nbsp;Guillemont, pionnier de la pr\u00e9servation du patrimoine ferroviaire. Elle passera une vingtaine d\u2019ann\u00e9es au CFSE (Chemin de Fer de Saint Eutrope) en attente de restauration avant d\u2019\u00eatre rachet\u00e9e en 2003 par les Amis du mus\u00e9e Decauville (CEMNAD).<\/p>\n<\/div><figure class=\"wp-block-media-text__media\"><img loading=\"lazy\" decoding=\"async\" width=\"1024\" height=\"768\" src=\"http:\/\/projets-tm.fr\/wp-content\/uploads\/2023\/12\/20220806_171836-1024x768.jpg\" alt=\"\" class=\"wp-image-163 size-full\" srcset=\"https:\/\/projets-tm.fr\/wp-content\/uploads\/2023\/12\/20220806_171836-1024x768.jpg 1024w, https:\/\/projets-tm.fr\/wp-content\/uploads\/2023\/12\/20220806_171836-300x225.jpg 300w, https:\/\/projets-tm.fr\/wp-content\/uploads\/2023\/12\/20220806_171836-768x576.jpg 768w, https:\/\/projets-tm.fr\/wp-content\/uploads\/2023\/12\/20220806_171836-1536x1152.jpg 1536w, https:\/\/projets-tm.fr\/wp-content\/uploads\/2023\/12\/20220806_171836-2048x1536.jpg 2048w, https:\/\/projets-tm.fr\/wp-content\/uploads\/2023\/12\/20220806_171836-1170x878.jpg 1170w\" sizes=\"(max-width: 1024px) 100vw, 1024px\" \/><\/figure><\/div>\n\n\n\n<p>En 2012, la 030 N\u00b01646 sera confi\u00e9e puis donn\u00e9e \u00e0 l\u2019AECFM et depuis 2013, les b\u00e9n\u00e9voles du Chemin de fer de Rill\u00e9 s\u2019affairent \u00e0 la restauration de la locomotive pour la revoir rouler un jour.<\/p>\n\n\n\n<h2 class=\"wp-block-heading\">Restauration de la Decauville N\u00b01646<\/h2>\n\n\n\n<p>Depuis 2013, des travaux de restauration sur la 030 ont \u00e9t\u00e9 entrepris par les b\u00e9n\u00e9voles de l\u2019AECFM. \u00c0 partir de 2016, la machine sera enti\u00e8rement d\u00e9mont\u00e9e pour sa future restauration. En 2018, une premi\u00e8re expertise de la chaudi\u00e8re d\u00e9buta pour sa remise en chauffe. En 2021, la machine sera lev\u00e9e pour sortir ses essieux et le d\u00e9tubage de la chaudi\u00e8re commen\u00e7a.<\/p>\n\n\n\n<figure class=\"wp-block-image size-full\"><img loading=\"lazy\" decoding=\"async\" width=\"660\" height=\"495\" src=\"https:\/\/projets-tm.fr\/wp-content\/uploads\/2023\/12\/20210812_1812330.jpg\" alt=\"\" class=\"wp-image-165\" srcset=\"https:\/\/projets-tm.fr\/wp-content\/uploads\/2023\/12\/20210812_1812330.jpg 660w, https:\/\/projets-tm.fr\/wp-content\/uploads\/2023\/12\/20210812_1812330-300x225.jpg 300w\" sizes=\"(max-width: 660px) 100vw, 660px\" \/><figcaption class=\"wp-element-caption\">D\u00e9tubage de la chaudi\u00e8re<\/figcaption><\/figure>\n\n\n\n<p>En 2023, un sablage complet du ch\u00e2ssis et les premi\u00e8res couches de peinture sont appliqu\u00e9es sur la machine. La m\u00eame ann\u00e9e, les essieux sont pass\u00e9s sur le tour pour r\u00e9-usiner les bandes de roulement. Les prochaines grandes \u00e9tapes sont le remontage complet de l\u2019embiellage et de la chaudi\u00e8re.<\/p>\n\n\n\n<figure class=\"wp-block-image size-large\"><img loading=\"lazy\" decoding=\"async\" width=\"1024\" height=\"692\" src=\"http:\/\/projets-tm.fr\/wp-content\/uploads\/2023\/12\/0020-1-1024x692.jpg\" alt=\"\" class=\"wp-image-164\" srcset=\"https:\/\/projets-tm.fr\/wp-content\/uploads\/2023\/12\/0020-1-1024x692.jpg 1024w, https:\/\/projets-tm.fr\/wp-content\/uploads\/2023\/12\/0020-1-300x203.jpg 300w, https:\/\/projets-tm.fr\/wp-content\/uploads\/2023\/12\/0020-1-768x519.jpg 768w, https:\/\/projets-tm.fr\/wp-content\/uploads\/2023\/12\/0020-1-1536x1038.jpg 1536w, https:\/\/projets-tm.fr\/wp-content\/uploads\/2023\/12\/0020-1-1170x790.jpg 1170w, https:\/\/projets-tm.fr\/wp-content\/uploads\/2023\/12\/0020-1.jpg 1818w\" sizes=\"(max-width: 1024px) 100vw, 1024px\" \/><figcaption class=\"wp-element-caption\">Sablage du ch\u00e2ssis &#8211; 030 Decauville<\/figcaption><\/figure>\n\n\n\n<figure class=\"wp-block-image size-large\"><img loading=\"lazy\" decoding=\"async\" width=\"1024\" height=\"692\" src=\"http:\/\/projets-tm.fr\/wp-content\/uploads\/2023\/12\/0025-1-1024x692.jpg\" alt=\"\" class=\"wp-image-76\" srcset=\"https:\/\/projets-tm.fr\/wp-content\/uploads\/2023\/12\/0025-1-1024x692.jpg 1024w, https:\/\/projets-tm.fr\/wp-content\/uploads\/2023\/12\/0025-1-300x203.jpg 300w, https:\/\/projets-tm.fr\/wp-content\/uploads\/2023\/12\/0025-1-768x519.jpg 768w, https:\/\/projets-tm.fr\/wp-content\/uploads\/2023\/12\/0025-1-1536x1038.jpg 1536w, https:\/\/projets-tm.fr\/wp-content\/uploads\/2023\/12\/0025-1-1170x790.jpg 1170w, https:\/\/projets-tm.fr\/wp-content\/uploads\/2023\/12\/0025-1.jpg 1818w\" sizes=\"(max-width: 1024px) 100vw, 1024px\" \/><figcaption class=\"wp-element-caption\">Pr\u00e9paration des bo\u00eetes d&rsquo;essieux pour le remontage &#8211; 030 Decauville<\/figcaption><\/figure>\n\n\n\n<figure class=\"wp-block-image size-large\"><img loading=\"lazy\" decoding=\"async\" width=\"1024\" height=\"692\" src=\"http:\/\/projets-tm.fr\/wp-content\/uploads\/2023\/12\/0023-1-1024x692.jpg\" alt=\"\" class=\"wp-image-113\" srcset=\"https:\/\/projets-tm.fr\/wp-content\/uploads\/2023\/12\/0023-1-1024x692.jpg 1024w, https:\/\/projets-tm.fr\/wp-content\/uploads\/2023\/12\/0023-1-300x203.jpg 300w, https:\/\/projets-tm.fr\/wp-content\/uploads\/2023\/12\/0023-1-768x519.jpg 768w, https:\/\/projets-tm.fr\/wp-content\/uploads\/2023\/12\/0023-1-1536x1038.jpg 1536w, https:\/\/projets-tm.fr\/wp-content\/uploads\/2023\/12\/0023-1-1170x790.jpg 1170w, https:\/\/projets-tm.fr\/wp-content\/uploads\/2023\/12\/0023-1.jpg 1818w\" sizes=\"(max-width: 1024px) 100vw, 1024px\" \/><figcaption class=\"wp-element-caption\">Usinage des essieux de la locomotive &#8211; 030 Decauville<\/figcaption><\/figure>\n\n\n\n<figure class=\"wp-block-image size-large\"><img loading=\"lazy\" decoding=\"async\" width=\"1024\" height=\"768\" src=\"https:\/\/projets-tm.fr\/wp-content\/uploads\/2024\/02\/MicrosoftTeams-image-34-1024x768.jpg\" alt=\"\" class=\"wp-image-234\" srcset=\"https:\/\/projets-tm.fr\/wp-content\/uploads\/2024\/02\/MicrosoftTeams-image-34-1024x768.jpg 1024w, https:\/\/projets-tm.fr\/wp-content\/uploads\/2024\/02\/MicrosoftTeams-image-34-300x225.jpg 300w, https:\/\/projets-tm.fr\/wp-content\/uploads\/2024\/02\/MicrosoftTeams-image-34-768x576.jpg 768w, https:\/\/projets-tm.fr\/wp-content\/uploads\/2024\/02\/MicrosoftTeams-image-34-1536x1152.jpg 1536w, https:\/\/projets-tm.fr\/wp-content\/uploads\/2024\/02\/MicrosoftTeams-image-34-1170x878.jpg 1170w, https:\/\/projets-tm.fr\/wp-content\/uploads\/2024\/02\/MicrosoftTeams-image-34.jpg 2016w\" sizes=\"(max-width: 1024px) 100vw, 1024px\" \/><figcaption class=\"wp-element-caption\">Remontage de des bo\u00eetes d&rsquo;essieux<\/figcaption><\/figure>\n\n\n\n<figure class=\"wp-block-image size-large\"><img loading=\"lazy\" decoding=\"async\" width=\"1024\" height=\"576\" src=\"https:\/\/projets-tm.fr\/wp-content\/uploads\/2024\/02\/MicrosoftTeams-image-33-1024x576.jpg\" alt=\"\" class=\"wp-image-236\" srcset=\"https:\/\/projets-tm.fr\/wp-content\/uploads\/2024\/02\/MicrosoftTeams-image-33-1024x576.jpg 1024w, https:\/\/projets-tm.fr\/wp-content\/uploads\/2024\/02\/MicrosoftTeams-image-33-300x169.jpg 300w, https:\/\/projets-tm.fr\/wp-content\/uploads\/2024\/02\/MicrosoftTeams-image-33-768x432.jpg 768w, https:\/\/projets-tm.fr\/wp-content\/uploads\/2024\/02\/MicrosoftTeams-image-33-1536x864.jpg 1536w, https:\/\/projets-tm.fr\/wp-content\/uploads\/2024\/02\/MicrosoftTeams-image-33-1170x658.jpg 1170w, https:\/\/projets-tm.fr\/wp-content\/uploads\/2024\/02\/MicrosoftTeams-image-33.jpg 2016w\" sizes=\"(max-width: 1024px) 100vw, 1024px\" \/><figcaption class=\"wp-element-caption\">Remontage des essieux pour mesurer la g\u00e9om\u00e9trie de la machine<\/figcaption><\/figure>\n\n\n\n<figure class=\"wp-block-image size-large\"><img loading=\"lazy\" decoding=\"async\" width=\"1024\" height=\"576\" src=\"https:\/\/projets-tm.fr\/wp-content\/uploads\/2024\/02\/MicrosoftTeams-image-31-1024x576.jpg\" alt=\"\" class=\"wp-image-237\" srcset=\"https:\/\/projets-tm.fr\/wp-content\/uploads\/2024\/02\/MicrosoftTeams-image-31-1024x576.jpg 1024w, https:\/\/projets-tm.fr\/wp-content\/uploads\/2024\/02\/MicrosoftTeams-image-31-300x169.jpg 300w, https:\/\/projets-tm.fr\/wp-content\/uploads\/2024\/02\/MicrosoftTeams-image-31-768x432.jpg 768w, https:\/\/projets-tm.fr\/wp-content\/uploads\/2024\/02\/MicrosoftTeams-image-31-1536x864.jpg 1536w, https:\/\/projets-tm.fr\/wp-content\/uploads\/2024\/02\/MicrosoftTeams-image-31-1170x658.jpg 1170w, https:\/\/projets-tm.fr\/wp-content\/uploads\/2024\/02\/MicrosoftTeams-image-31.jpg 2016w\" sizes=\"(max-width: 1024px) 100vw, 1024px\" \/><figcaption class=\"wp-element-caption\">Remontage de l&#8217;embiellage<\/figcaption><\/figure>\n\n\n\n<h2 class=\"wp-block-heading\">Mod\u00e9lisation<\/h2>\n\n\n\n<p>Pour refaire les pi\u00e8ces manquantes ou trop us\u00e9es pour le remontage de la machine, j&rsquo;ai commenc\u00e9 \u00e0 les remod\u00e9liser en d\u00e9marrant avec les pi\u00e8ces de mouvement de la machine. Les t\u00eates et pieds de bielles de la machine sont en liaison pivot sur les axes avec des coussinets en bronze. Toutes les pi\u00e8ces en bronze sont \u00e0 refaire.<\/p>\n\n\n\n<figure class=\"wp-block-image size-large\"><img loading=\"lazy\" decoding=\"async\" width=\"1024\" height=\"564\" src=\"https:\/\/projets-tm.fr\/wp-content\/uploads\/2024\/06\/render_bielles-i-1024x564.png\" alt=\"\" class=\"wp-image-442\" srcset=\"https:\/\/projets-tm.fr\/wp-content\/uploads\/2024\/06\/render_bielles-i-1024x564.png 1024w, https:\/\/projets-tm.fr\/wp-content\/uploads\/2024\/06\/render_bielles-i-300x165.png 300w, https:\/\/projets-tm.fr\/wp-content\/uploads\/2024\/06\/render_bielles-i-768x423.png 768w, https:\/\/projets-tm.fr\/wp-content\/uploads\/2024\/06\/render_bielles-i-1170x644.png 1170w, https:\/\/projets-tm.fr\/wp-content\/uploads\/2024\/06\/render_bielles-i.png 1446w\" sizes=\"(max-width: 1024px) 100vw, 1024px\" \/><figcaption class=\"wp-element-caption\">Mod\u00e9lisation de l&#8217;embiellage<\/figcaption><\/figure>\n\n\n\n<figure class=\"wp-block-image size-large\"><img loading=\"lazy\" decoding=\"async\" width=\"1024\" height=\"564\" src=\"https:\/\/projets-tm.fr\/wp-content\/uploads\/2024\/06\/coussinet_ard-i-1024x564.png\" alt=\"\" class=\"wp-image-443\" srcset=\"https:\/\/projets-tm.fr\/wp-content\/uploads\/2024\/06\/coussinet_ard-i-1024x564.png 1024w, https:\/\/projets-tm.fr\/wp-content\/uploads\/2024\/06\/coussinet_ard-i-300x165.png 300w, https:\/\/projets-tm.fr\/wp-content\/uploads\/2024\/06\/coussinet_ard-i-768x423.png 768w, https:\/\/projets-tm.fr\/wp-content\/uploads\/2024\/06\/coussinet_ard-i-1170x644.png 1170w, https:\/\/projets-tm.fr\/wp-content\/uploads\/2024\/06\/coussinet_ard-i.png 1446w\" sizes=\"(max-width: 1024px) 100vw, 1024px\" \/><figcaption class=\"wp-element-caption\">T\u00eate de bielle arri\u00e8re droite<\/figcaption><\/figure>\n\n\n\n<p>Par ailleurs, je mod\u00e9lise la chaudi\u00e8re de la locomotive pour \u00e9toffer notre dossier de remise en service de celle-ci.<\/p>\n\n\n\n<figure class=\"wp-block-image size-large\"><img loading=\"lazy\" decoding=\"async\" width=\"1024\" height=\"559\" src=\"https:\/\/projets-tm.fr\/wp-content\/uploads\/2024\/06\/chaudiere-i-1024x559.png\" alt=\"\" class=\"wp-image-446\" srcset=\"https:\/\/projets-tm.fr\/wp-content\/uploads\/2024\/06\/chaudiere-i-1024x559.png 1024w, https:\/\/projets-tm.fr\/wp-content\/uploads\/2024\/06\/chaudiere-i-300x164.png 300w, https:\/\/projets-tm.fr\/wp-content\/uploads\/2024\/06\/chaudiere-i-768x420.png 768w, https:\/\/projets-tm.fr\/wp-content\/uploads\/2024\/06\/chaudiere-i-1170x639.png 1170w, https:\/\/projets-tm.fr\/wp-content\/uploads\/2024\/06\/chaudiere-i.png 1457w\" sizes=\"(max-width: 1024px) 100vw, 1024px\" \/><figcaption class=\"wp-element-caption\">D\u00e9but de la mod\u00e9lisation de la chaudi\u00e8re rivet\u00e9 avec un foyer cuivre<\/figcaption><\/figure>\n\n\n\n<figure class=\"wp-block-image size-large\"><img loading=\"lazy\" decoding=\"async\" width=\"1024\" height=\"564\" src=\"https:\/\/projets-tm.fr\/wp-content\/uploads\/2024\/06\/plaque_constructeur-i-1024x564.png\" alt=\"\" class=\"wp-image-449\" srcset=\"https:\/\/projets-tm.fr\/wp-content\/uploads\/2024\/06\/plaque_constructeur-i-1024x564.png 1024w, https:\/\/projets-tm.fr\/wp-content\/uploads\/2024\/06\/plaque_constructeur-i-300x165.png 300w, https:\/\/projets-tm.fr\/wp-content\/uploads\/2024\/06\/plaque_constructeur-i-768x423.png 768w, https:\/\/projets-tm.fr\/wp-content\/uploads\/2024\/06\/plaque_constructeur-i-1170x644.png 1170w, https:\/\/projets-tm.fr\/wp-content\/uploads\/2024\/06\/plaque_constructeur-i.png 1446w\" sizes=\"(max-width: 1024px) 100vw, 1024px\" \/><figcaption class=\"wp-element-caption\">Plaque constructeur de la machine<\/figcaption><\/figure>\n\n\n\n<figure class=\"wp-block-image size-large\"><img loading=\"lazy\" decoding=\"async\" width=\"1024\" height=\"559\" src=\"https:\/\/projets-tm.fr\/wp-content\/uploads\/2024\/08\/assemblage2-1024x559.png\" alt=\"\" class=\"wp-image-451\" srcset=\"https:\/\/projets-tm.fr\/wp-content\/uploads\/2024\/08\/assemblage2-1024x559.png 1024w, https:\/\/projets-tm.fr\/wp-content\/uploads\/2024\/08\/assemblage2-300x164.png 300w, https:\/\/projets-tm.fr\/wp-content\/uploads\/2024\/08\/assemblage2-768x420.png 768w, https:\/\/projets-tm.fr\/wp-content\/uploads\/2024\/08\/assemblage2-1170x639.png 1170w, https:\/\/projets-tm.fr\/wp-content\/uploads\/2024\/08\/assemblage2.png 1457w\" sizes=\"(max-width: 1024px) 100vw, 1024px\" \/><figcaption class=\"wp-element-caption\">Premier assemblage de l&#8217;embiellage<\/figcaption><\/figure>\n","protected":false},"excerpt":{"rendered":"<p>Restauration d&rsquo;une locomotive \u00e0 vapeur L&rsquo;histoire de la 030 L\u2019histoire de la 030 N\u00b01646 commen\u00e7a en septembre 1916 lorsque la machine arriva dans les effectifs de l\u2019arm\u00e9e fran\u00e7aise et sera utilis\u00e9e sur le front. Pendant la Seconde guerre mondiale, la locomotive sera r\u00e9quisitionn\u00e9e par l\u2019Organisation Todt (groupe de g\u00e9nie civil et militaire du troisi\u00e8me Reich). [&hellip;]<\/p>\n","protected":false},"author":1,"featured_media":152,"parent":0,"menu_order":0,"comment_status":"closed","ping_status":"closed","template":"","meta":{"footnotes":""},"_links":{"self":[{"href":"https:\/\/projets-tm.fr\/index.php?rest_route=\/wp\/v2\/pages\/153"}],"collection":[{"href":"https:\/\/projets-tm.fr\/index.php?rest_route=\/wp\/v2\/pages"}],"about":[{"href":"https:\/\/projets-tm.fr\/index.php?rest_route=\/wp\/v2\/types\/page"}],"author":[{"embeddable":true,"href":"https:\/\/projets-tm.fr\/index.php?rest_route=\/wp\/v2\/users\/1"}],"replies":[{"embeddable":true,"href":"https:\/\/projets-tm.fr\/index.php?rest_route=%2Fwp%2Fv2%2Fcomments&post=153"}],"version-history":[{"count":10,"href":"https:\/\/projets-tm.fr\/index.php?rest_route=\/wp\/v2\/pages\/153\/revisions"}],"predecessor-version":[{"id":452,"href":"https:\/\/projets-tm.fr\/index.php?rest_route=\/wp\/v2\/pages\/153\/revisions\/452"}],"wp:featuredmedia":[{"embeddable":true,"href":"https:\/\/projets-tm.fr\/index.php?rest_route=\/wp\/v2\/media\/152"}],"wp:attachment":[{"href":"https:\/\/projets-tm.fr\/index.php?rest_route=%2Fwp%2Fv2%2Fmedia&parent=153"}],"curies":[{"name":"wp","href":"https:\/\/api.w.org\/{rel}","templated":true}]}}